{"id":827,"date":"2020-03-18T16:24:25","date_gmt":"2020-03-18T16:24:25","guid":{"rendered":"https:\/\/www.secretpower.sk\/?page_id=827"},"modified":"2020-05-17T01:03:28","modified_gmt":"2020-05-17T01:03:28","slug":"emailova-ponuka-prva-kniha","status":"publish","type":"page","link":"https:\/\/www.secretpower.sk\/ru\/home\/emailova-ponuka-prva-kniha\/","title":{"rendered":"Emailova ponuka prva kniha"},"content":{"rendered":"\t\t<div data-elementor-type=\"wp-page\" data-elementor-id=\"827\" class=\"elementor elementor-827\" data-elementor-post-type=\"page\">\n\t\t\t\t\t\t<section class=\"elementor-section elementor-top-section elementor-element elementor-element-6331c68 elementor-section-boxed elementor-section-height-default elementor-section-height-default\" data-id=\"6331c68\" data-element_type=\"section\">\n\t\t\t\t\t\t<div class=\"elementor-container elementor-column-gap-default\">\n\t\t\t\t\t<div class=\"elementor-column elementor-col-33 elementor-top-column elementor-element elementor-element-c50b82d\" data-id=\"c50b82d\" data-element_type=\"column\">\n\t\t\t<div class=\"elementor-widget-wrap elementor-element-populated\">\n\t\t\t\t\t\t<div class=\"elementor-element elementor-element-c105aa9 elementor-widget elementor-widget-image\" data-id=\"c105aa9\" data-element_type=\"widget\" data-widget_type=\"image.default\">\n\t\t\t\t<div class=\"elementor-widget-container\">\n\t\t\t\t\t\t\t\t\t\t\t\t\t<img fetchpriority=\"high\" decoding=\"async\" width=\"361\" height=\"510\" src=\"https:\/\/www.secretpower.sk\/wp-content\/uploads\/2020\/03\/Obalka.png\" class=\"attachment-large size-large wp-image-845\" alt=\"\" srcset=\"https:\/\/www.secretpower.sk\/wp-content\/uploads\/2020\/03\/Obalka.png 361w, https:\/\/www.secretpower.sk\/wp-content\/uploads\/2020\/03\/Obalka-212x300.png 212w\" sizes=\"(max-width: 361px) 100vw, 361px\" \/>\t\t\t\t\t\t\t\t\t\t\t\t\t<\/div>\n\t\t\t\t<\/div>\n\t\t\t\t\t<\/div>\n\t\t<\/div>\n\t\t\t\t<div class=\"elementor-column elementor-col-66 elementor-top-column elementor-element elementor-element-4f73d7d\" data-id=\"4f73d7d\" data-element_type=\"column\">\n\t\t\t<div class=\"elementor-widget-wrap elementor-element-populated\">\n\t\t\t\t\t\t<div class=\"elementor-element elementor-element-eebd26c elementor-widget elementor-widget-heading\" data-id=\"eebd26c\" data-element_type=\"widget\" data-widget_type=\"heading.default\">\n\t\t\t\t<div class=\"elementor-widget-container\">\n\t\t\t<h2 class=\"elementor-heading-title elementor-size-default\">Kniha: Za\u010diatok.Vchod do sveta energie.<\/h2>\t\t<\/div>\n\t\t\t\t<\/div>\n\t\t\t\t<div class=\"elementor-element elementor-element-93c6357 elementor-widget elementor-widget-text-editor\" data-id=\"93c6357\" data-element_type=\"widget\" data-widget_type=\"text-editor.default\">\n\t\t\t\t<div class=\"elementor-widget-container\">\n\t\t\t\t\t\t\t<p>Kniha Sergeja Ratnera &#171;Za\u010diatok. Vchod so sveta energie.&#187; bola vydan\u00e1 v m\u00e1ji 2015, m\u00e1 elektronicky form\u00e1t a je k dipozici\u00ed na stiahnutie (zadarmo) po vyplnen\u00ed formul\u00e1ra.<\/p><p>Po\u010det str\u00e1n 71, form\u00e1t -elektronick\u00fd (pdf).<\/p><p>Na zobrazenie mus\u00edte ma\u0165 na po\u010d\u00edta\u010di nain\u0161talovan\u00fd program Adobe Reader.<\/p>\t\t\t\t\t\t<\/div>\n\t\t\t\t<\/div>\n\t\t\t\t<div class=\"elementor-element elementor-element-715a3ed elementor-align-center elementor-widget elementor-widget-button\" data-id=\"715a3ed\" data-element_type=\"widget\" data-widget_type=\"button.default\">\n\t\t\t\t<div class=\"elementor-widget-container\">\n\t\t\t\t\t<div class=\"elementor-button-wrapper\">\n\t\t\t<a class=\"elementor-button elementor-button-link elementor-size-sm\" href=\"#\">\n\t\t\t\t\t\t<span class=\"elementor-button-content-wrapper\">\n\t\t\t\t\t\t<span class=\"elementor-button-text\">Klikni tu<\/span>\n\t\t<\/span>\n\t\t\t\t\t<\/a>\n\t\t<\/div>\n\t\t\t\t<\/div>\n\t\t\t\t<\/div>\n\t\t\t\t\t<\/div>\n\t\t<\/div>\n\t\t\t\t\t<\/div>\n\t\t<\/section>\n\t\t\t\t<\/div>\n\t\t","protected":false},"excerpt":{"rendered":"<p>Kniha: Za\u010diatok.Vchod do sveta energie. Kniha Sergeja Ratnera &#171;Za\u010diatok. Vchod so sveta energie.&#187; bola vydan\u00e1 v m\u00e1ji 2015, m\u00e1 elektronicky form\u00e1t a je k dipozici\u00ed na stiahnutie (zadarmo) po vyplnen\u00ed formul\u00e1ra. Po\u010det str\u00e1n 71, form\u00e1t -elektronick\u00fd (pdf). Na zobrazenie mus\u00edte ma\u0165 na po\u010d\u00edta\u010di nain\u0161talovan\u00fd program Adobe Reader. Klikni tu<\/p>\n","protected":false},"author":1,"featured_media":0,"parent":43,"menu_order":1,"comment_status":"closed","ping_status":"closed","template":"elementor_header_footer","meta":{"site-sidebar-layout":"no-sidebar","site-content-layout":"page-builder","ast-site-content-layout":"","site-content-style":"default","site-sidebar-style":"default","ast-global-header-display":"","ast-banner-title-visibility":"","ast-main-header-display":"","ast-hfb-above-header-display":"","ast-hfb-below-header-display":"","ast-hfb-mobile-header-display":"","site-post-title":"disabled","ast-breadcrumbs-content":"","ast-featured-img":"disabled","footer-sml-layout":"","theme-transparent-header-meta":"default","adv-header-id-meta":"","stick-header-meta":"","header-above-stick-meta":"","header-main-stick-meta":"","header-below-stick-meta":"","astra-migrate-meta-layouts":"default","ast-page-background-enabled":"default","ast-page-background-meta":{"desktop":{"background-color":"var(--ast-global-color-4)","background-image":"","background-repeat":"repeat","background-position":"center center","background-size":"auto","background-attachment":"scroll","background-type":"","background-media":"","overlay-type":"","overlay-color":"","overlay-gradient":""},"tablet":{"background-color":"","background-image":"","background-repeat":"repeat","background-position":"center center","background-size":"auto","background-attachment":"scroll","background-type":"","background-media":"","overlay-type":"","overlay-color":"","overlay-gradient":""},"mobile":{"background-color":"","background-image":"","background-repeat":"repeat","background-position":"center center","background-size":"auto","background-attachment":"scroll","background-type":"","background-media":"","overlay-type":"","overlay-color":"","overlay-gradient":""}},"ast-content-background-meta":{"desktop":{"background-color":"var(--ast-global-color-5)","background-image":"","background-repeat":"repeat","background-position":"center center","background-size":"auto","background-attachment":"scroll","background-type":"","background-media":"","overlay-type":"","overlay-color":"","overlay-gradient":""},"tablet":{"background-color":"var(--ast-global-color-5)","background-image":"","background-repeat":"repeat","background-position":"center center","background-size":"auto","background-attachment":"scroll","background-type":"","background-media":"","overlay-type":"","overlay-color":"","overlay-gradient":""},"mobile":{"background-color":"var(--ast-global-color-5)","background-image":"","background-repeat":"repeat","background-position":"center center","background-size":"auto","background-attachment":"scroll","background-type":"","background-media":"","overlay-type":"","overlay-color":"","overlay-gradient":""}},"footnotes":""},"class_list":["post-827","page","type-page","status-publish","hentry"],"_links":{"self":[{"href":"https:\/\/www.secretpower.sk\/ru\/wp-json\/wp\/v2\/pages\/827","targetHints":{"allow":["GET"]}}],"collection":[{"href":"https:\/\/www.secretpower.sk\/ru\/wp-json\/wp\/v2\/pages"}],"about":[{"href":"https:\/\/www.secretpower.sk\/ru\/wp-json\/wp\/v2\/types\/page"}],"author":[{"embeddable":true,"href":"https:\/\/www.secretpower.sk\/ru\/wp-json\/wp\/v2\/users\/1"}],"replies":[{"embeddable":true,"href":"https:\/\/www.secretpower.sk\/ru\/wp-json\/wp\/v2\/comments?post=827"}],"version-history":[{"count":16,"href":"https:\/\/www.secretpower.sk\/ru\/wp-json\/wp\/v2\/pages\/827\/revisions"}],"predecessor-version":[{"id":1582,"href":"https:\/\/www.secretpower.sk\/ru\/wp-json\/wp\/v2\/pages\/827\/revisions\/1582"}],"up":[{"embeddable":true,"href":"https:\/\/www.secretpower.sk\/ru\/wp-json\/wp\/v2\/pages\/43"}],"wp:attachment":[{"href":"https:\/\/www.secretpower.sk\/ru\/wp-json\/wp\/v2\/media?parent=827"}],"curies":[{"name":"wp","href":"https:\/\/api.w.org\/{rel}","templated":true}]}}