{"id":2075,"date":"2021-01-14T21:55:51","date_gmt":"2021-01-14T21:55:51","guid":{"rendered":"https:\/\/www.secretpower.sk\/?page_id=2075"},"modified":"2021-01-23T23:36:14","modified_gmt":"2021-01-23T23:36:14","slug":"ludske-telo","status":"publish","type":"page","link":"https:\/\/www.secretpower.sk\/ru\/education\/ludske-telo\/","title":{"rendered":"\u013dudsk\u00e9 Telo"},"content":{"rendered":"\t\t<div data-elementor-type=\"wp-page\" data-elementor-id=\"2075\" class=\"elementor elementor-2075\" data-elementor-post-type=\"page\">\n\t\t\t\t\t\t<section class=\"elementor-section elementor-top-section elementor-element elementor-element-c36478b elementor-section-height-min-height elementor-section-boxed elementor-section-height-default elementor-section-items-middle\" data-id=\"c36478b\" data-element_type=\"section\" data-settings=\"{&quot;background_background&quot;:&quot;classic&quot;}\">\n\t\t\t\t\t\t<div class=\"elementor-container elementor-column-gap-default\">\n\t\t\t\t\t<div class=\"elementor-column elementor-col-33 elementor-top-column elementor-element elementor-element-cd5d051\" data-id=\"cd5d051\" data-element_type=\"column\">\n\t\t\t<div class=\"elementor-widget-wrap\">\n\t\t\t\t\t\t\t<\/div>\n\t\t<\/div>\n\t\t\t\t<div class=\"elementor-column elementor-col-33 elementor-top-column elementor-element elementor-element-bcb7090\" data-id=\"bcb7090\" data-element_type=\"column\">\n\t\t\t<div class=\"elementor-widget-wrap elementor-element-populated\">\n\t\t\t\t\t\t<div class=\"elementor-element elementor-element-5794ff5 elementor-widget elementor-widget-heading\" data-id=\"5794ff5\" data-element_type=\"widget\" data-widget_type=\"heading.default\">\n\t\t\t\t<div class=\"elementor-widget-container\">\n\t\t\t<h2 class=\"elementor-heading-title elementor-size-default\">\u013dudsk\u00e9 Telo<\/h2>\t\t<\/div>\n\t\t\t\t<\/div>\n\t\t\t\t\t<\/div>\n\t\t<\/div>\n\t\t\t\t<div class=\"elementor-column elementor-col-33 elementor-top-column elementor-element elementor-element-f8ff851\" data-id=\"f8ff851\" data-element_type=\"column\">\n\t\t\t<div class=\"elementor-widget-wrap\">\n\t\t\t\t\t\t\t<\/div>\n\t\t<\/div>\n\t\t\t\t\t<\/div>\n\t\t<\/section>\n\t\t\t\t<section class=\"elementor-section elementor-top-section elementor-element elementor-element-451b236 elementor-section-boxed elementor-section-height-default elementor-section-height-default\" data-id=\"451b236\" data-element_type=\"section\">\n\t\t\t\t\t\t<div class=\"elementor-container elementor-column-gap-default\">\n\t\t\t\t\t<div class=\"elementor-column elementor-col-100 elementor-top-column elementor-element elementor-element-5706e85\" data-id=\"5706e85\" data-element_type=\"column\" data-settings=\"{&quot;background_background&quot;:&quot;gradient&quot;}\">\n\t\t\t<div class=\"elementor-widget-wrap elementor-element-populated\">\n\t\t\t\t\t\t<div class=\"elementor-element elementor-element-ffbe015 elementor-blockquote--skin-border elementor-blockquote--button-color-official elementor-widget elementor-widget-blockquote\" data-id=\"ffbe015\" data-element_type=\"widget\" data-widget_type=\"blockquote.default\">\n\t\t\t\t<div class=\"elementor-widget-container\">\n\t\t\t\t\t<blockquote class=\"elementor-blockquote\">\n\t\t\t<p class=\"elementor-blockquote__content\">\n\t\t\t\t\u201e\u010clovek pozn\u00e1 seba, ke\u010f pozn\u00e1 svet, ktor\u00fd pozoruje v sebe a seba v \u0148om.\u201c\t\t\t<\/p>\n\t\t\t\t\t\t\t<div class=\"e-q-footer\">\n\t\t\t\t\t\t\t\t\t\t\t<cite class=\"elementor-blockquote__author\">Johan Wolfgang von Goethe<\/cite>\n\t\t\t\t\t\t\t\t\t\t\t\t\t\t<\/div>\n\t\t\t\t\t<\/blockquote>\n\t\t\t\t<\/div>\n\t\t\t\t<\/div>\n\t\t\t\t\t<\/div>\n\t\t<\/div>\n\t\t\t\t\t<\/div>\n\t\t<\/section>\n\t\t\t\t<section class=\"elementor-section elementor-top-section elementor-element elementor-element-717c324 elementor-section-boxed elementor-section-height-default elementor-section-height-default\" data-id=\"717c324\" data-element_type=\"section\">\n\t\t\t\t\t\t<div class=\"elementor-container elementor-column-gap-default\">\n\t\t\t\t\t<div class=\"elementor-column elementor-col-100 elementor-top-column elementor-element elementor-element-1a2f9d9\" data-id=\"1a2f9d9\" data-element_type=\"column\">\n\t\t\t<div class=\"elementor-widget-wrap elementor-element-populated\">\n\t\t\t\t\t\t<div class=\"elementor-element elementor-element-f229593 elementor-widget elementor-widget-template\" data-id=\"f229593\" data-element_type=\"widget\" data-widget_type=\"template.default\">\n\t\t\t\t<div class=\"elementor-widget-container\">\n\t\t\t\t\t<div class=\"elementor-template\">\n\t\t\t\t\t<div data-elementor-type=\"page\" data-elementor-id=\"2427\" class=\"elementor elementor-2427\" data-elementor-post-type=\"elementor_library\">\n\t\t\t\t\t\t<section class=\"elementor-section elementor-top-section elementor-element elementor-element-5cba114f elementor-section-boxed elementor-section-height-default elementor-section-height-default\" data-id=\"5cba114f\" data-element_type=\"section\" data-settings=\"{&quot;background_background&quot;:&quot;classic&quot;}\">\n\t\t\t\t\t\t<div class=\"elementor-container elementor-column-gap-default\">\n\t\t\t\t\t<div class=\"elementor-column elementor-col-33 elementor-top-column elementor-element elementor-element-11772f3f\" data-id=\"11772f3f\" data-element_type=\"column\">\n\t\t\t<div class=\"elementor-widget-wrap elementor-element-populated\">\n\t\t\t\t\t\t<div class=\"elementor-element elementor-element-20aab101 elementor-widget elementor-widget-heading\" data-id=\"20aab101\" data-element_type=\"widget\" data-widget_type=\"heading.default\">\n\t\t\t\t<div class=\"elementor-widget-container\">\n\t\t\t<h2 class=\"elementor-heading-title elementor-size-default\">\u013dudsk\u00e9 telo<\/h2>\t\t<\/div>\n\t\t\t\t<\/div>\n\t\t\t\t<div class=\"elementor-element elementor-element-3a4382ff elementor-widget elementor-widget-image\" data-id=\"3a4382ff\" data-element_type=\"widget\" data-widget_type=\"image.default\">\n\t\t\t\t<div class=\"elementor-widget-container\">\n\t\t\t\t\t\t\t\t\t\t\t\t\t\t<a href=\"https:\/\/www.secretpower.sk\/education\/ludske-telo\/ludske-telo-rozvinuta\/\">\n\t\t\t\t\t\t\t<img fetchpriority=\"high\" decoding=\"async\" width=\"1024\" height=\"535\" src=\"https:\/\/www.secretpower.sk\/wp-content\/uploads\/2021\/01\/Ludske-telo-1200x627-1-1024x535.jpg\" class=\"attachment-large size-large wp-image-2153\" alt=\"\" srcset=\"https:\/\/www.secretpower.sk\/wp-content\/uploads\/2021\/01\/Ludske-telo-1200x627-1-1024x535.jpg 1024w, https:\/\/www.secretpower.sk\/wp-content\/uploads\/2021\/01\/Ludske-telo-1200x627-1-300x157.jpg 300w, https:\/\/www.secretpower.sk\/wp-content\/uploads\/2021\/01\/Ludske-telo-1200x627-1-768x401.jpg 768w, https:\/\/www.secretpower.sk\/wp-content\/uploads\/2021\/01\/Ludske-telo-1200x627-1-600x314.jpg 600w, https:\/\/www.secretpower.sk\/wp-content\/uploads\/2021\/01\/Ludske-telo-1200x627-1.jpg 1200w\" sizes=\"(max-width: 1024px) 100vw, 1024px\" \/>\t\t\t\t\t\t\t\t<\/a>\n\t\t\t\t\t\t\t\t\t\t\t\t\t<\/div>\n\t\t\t\t<\/div>\n\t\t\t\t<div class=\"elementor-element elementor-element-6bff036c elementor-widget elementor-widget-text-editor\" data-id=\"6bff036c\" data-element_type=\"widget\" data-widget_type=\"text-editor.default\">\n\t\t\t\t<div class=\"elementor-widget-container\">\n\t\t\t\t\t\t\t<p><a href=\"https:\/\/www.secretpower.sk\/education\/ludske-telo\/ludske-telo-rozvinuta\/\">\u013dudsk\u00e9 telo, je asi najz\u00e1hadnej\u0161\u00ed stroj, ak\u00fd&#8230;<\/a><\/p>\t\t\t\t\t\t<\/div>\n\t\t\t\t<\/div>\n\t\t\t\t\t<\/div>\n\t\t<\/div>\n\t\t\t\t<div class=\"elementor-column elementor-col-33 elementor-top-column elementor-element elementor-element-757b2cf\" data-id=\"757b2cf\" data-element_type=\"column\">\n\t\t\t<div class=\"elementor-widget-wrap elementor-element-populated\">\n\t\t\t\t\t\t<div class=\"elementor-element elementor-element-564dcfb8 elementor-widget elementor-widget-heading\" data-id=\"564dcfb8\" data-element_type=\"widget\" data-widget_type=\"heading.default\">\n\t\t\t\t<div class=\"elementor-widget-container\">\n\t\t\t<h2 class=\"elementor-heading-title elementor-size-default\">Mozog<\/h2>\t\t<\/div>\n\t\t\t\t<\/div>\n\t\t\t\t<div class=\"elementor-element elementor-element-bb14bdf elementor-widget elementor-widget-image\" data-id=\"bb14bdf\" data-element_type=\"widget\" data-widget_type=\"image.default\">\n\t\t\t\t<div class=\"elementor-widget-container\">\n\t\t\t\t\t\t\t\t\t\t\t\t\t<img decoding=\"async\" width=\"1024\" height=\"585\" src=\"https:\/\/www.secretpower.sk\/wp-content\/uploads\/2021\/01\/mozog-5000x2857-1-1024x585.jpg\" class=\"attachment-large size-large wp-image-2157\" alt=\"\" srcset=\"https:\/\/www.secretpower.sk\/wp-content\/uploads\/2021\/01\/mozog-5000x2857-1-1024x585.jpg 1024w, https:\/\/www.secretpower.sk\/wp-content\/uploads\/2021\/01\/mozog-5000x2857-1-300x171.jpg 300w, https:\/\/www.secretpower.sk\/wp-content\/uploads\/2021\/01\/mozog-5000x2857-1-768x439.jpg 768w, https:\/\/www.secretpower.sk\/wp-content\/uploads\/2021\/01\/mozog-5000x2857-1-1536x878.jpg 1536w, https:\/\/www.secretpower.sk\/wp-content\/uploads\/2021\/01\/mozog-5000x2857-1-2048x1170.jpg 2048w, https:\/\/www.secretpower.sk\/wp-content\/uploads\/2021\/01\/mozog-5000x2857-1-600x343.jpg 600w\" sizes=\"(max-width: 1024px) 100vw, 1024px\" \/>\t\t\t\t\t\t\t\t\t\t\t\t\t<\/div>\n\t\t\t\t<\/div>\n\t\t\t\t<div class=\"elementor-element elementor-element-77a56494 elementor-widget elementor-widget-text-editor\" data-id=\"77a56494\" data-element_type=\"widget\" data-widget_type=\"text-editor.default\">\n\t\t\t\t<div class=\"elementor-widget-container\">\n\t\t\t\t\t\t\t<p>\u013dudsk\u00fd mozog fascinuje vedcov zo v\u0161etk\u00fdch &#8230;<\/p>\t\t\t\t\t\t<\/div>\n\t\t\t\t<\/div>\n\t\t\t\t\t<\/div>\n\t\t<\/div>\n\t\t\t\t<div class=\"elementor-column elementor-col-33 elementor-top-column elementor-element elementor-element-58d106bf\" data-id=\"58d106bf\" data-element_type=\"column\">\n\t\t\t<div class=\"elementor-widget-wrap elementor-element-populated\">\n\t\t\t\t\t\t<div class=\"elementor-element elementor-element-b833687 elementor-widget elementor-widget-heading\" data-id=\"b833687\" data-element_type=\"widget\" data-widget_type=\"heading.default\">\n\t\t\t\t<div class=\"elementor-widget-container\">\n\t\t\t<h2 class=\"elementor-heading-title elementor-size-default\">P\u013e\u00faca<\/h2>\t\t<\/div>\n\t\t\t\t<\/div>\n\t\t\t\t<div class=\"elementor-element elementor-element-45db1428 elementor-widget elementor-widget-image\" data-id=\"45db1428\" data-element_type=\"widget\" data-widget_type=\"image.default\">\n\t\t\t\t<div class=\"elementor-widget-container\">\n\t\t\t\t\t\t\t\t\t\t\t\t\t<img decoding=\"async\" width=\"1024\" height=\"535\" src=\"https:\/\/www.secretpower.sk\/wp-content\/uploads\/2021\/01\/pluca-1200x627-1-1024x535.jpg\" class=\"attachment-large size-large wp-image-2161\" alt=\"\" srcset=\"https:\/\/www.secretpower.sk\/wp-content\/uploads\/2021\/01\/pluca-1200x627-1-1024x535.jpg 1024w, https:\/\/www.secretpower.sk\/wp-content\/uploads\/2021\/01\/pluca-1200x627-1-300x157.jpg 300w, https:\/\/www.secretpower.sk\/wp-content\/uploads\/2021\/01\/pluca-1200x627-1-768x401.jpg 768w, https:\/\/www.secretpower.sk\/wp-content\/uploads\/2021\/01\/pluca-1200x627-1-600x314.jpg 600w, https:\/\/www.secretpower.sk\/wp-content\/uploads\/2021\/01\/pluca-1200x627-1.jpg 1200w\" sizes=\"(max-width: 1024px) 100vw, 1024px\" \/>\t\t\t\t\t\t\t\t\t\t\t\t\t<\/div>\n\t\t\t\t<\/div>\n\t\t\t\t<div class=\"elementor-element elementor-element-756e0195 elementor-widget elementor-widget-text-editor\" data-id=\"756e0195\" data-element_type=\"widget\" data-widget_type=\"text-editor.default\">\n\t\t\t\t<div class=\"elementor-widget-container\">\n\t\t\t\t\t\t\t<p>\u00dalohu p\u013e\u00fac si prakticky uvedom\u00edme a\u017e vtedy, ..<\/p>\t\t\t\t\t\t<\/div>\n\t\t\t\t<\/div>\n\t\t\t\t\t<\/div>\n\t\t<\/div>\n\t\t\t\t\t<\/div>\n\t\t<\/section>\n\t\t\t\t<section class=\"elementor-section elementor-top-section elementor-element elementor-element-52bc523d elementor-section-boxed elementor-section-height-default elementor-section-height-default\" data-id=\"52bc523d\" data-element_type=\"section\" data-settings=\"{&quot;background_background&quot;:&quot;gradient&quot;}\">\n\t\t\t\t\t\t<div class=\"elementor-container elementor-column-gap-default\">\n\t\t\t\t\t<div class=\"elementor-column elementor-col-33 elementor-top-column elementor-element elementor-element-67a5d447\" data-id=\"67a5d447\" data-element_type=\"column\">\n\t\t\t<div class=\"elementor-widget-wrap elementor-element-populated\">\n\t\t\t\t\t\t<div class=\"elementor-element elementor-element-4dcc3153 elementor-widget elementor-widget-heading\" data-id=\"4dcc3153\" data-element_type=\"widget\" data-widget_type=\"heading.default\">\n\t\t\t\t<div class=\"elementor-widget-container\">\n\t\t\t<h2 class=\"elementor-heading-title elementor-size-default\">\u017dal\u00fadok<\/h2>\t\t<\/div>\n\t\t\t\t<\/div>\n\t\t\t\t<div class=\"elementor-element elementor-element-16b58e4f elementor-widget elementor-widget-image\" data-id=\"16b58e4f\" data-element_type=\"widget\" data-widget_type=\"image.default\">\n\t\t\t\t<div class=\"elementor-widget-container\">\n\t\t\t\t\t\t\t\t\t\t\t\t\t<img loading=\"lazy\" decoding=\"async\" width=\"1024\" height=\"535\" src=\"https:\/\/www.secretpower.sk\/wp-content\/uploads\/2021\/01\/zaludok-1200x627-1-1024x535.jpg\" class=\"attachment-large size-large wp-image-2164\" alt=\"\" srcset=\"https:\/\/www.secretpower.sk\/wp-content\/uploads\/2021\/01\/zaludok-1200x627-1-1024x535.jpg 1024w, https:\/\/www.secretpower.sk\/wp-content\/uploads\/2021\/01\/zaludok-1200x627-1-300x157.jpg 300w, https:\/\/www.secretpower.sk\/wp-content\/uploads\/2021\/01\/zaludok-1200x627-1-768x401.jpg 768w, https:\/\/www.secretpower.sk\/wp-content\/uploads\/2021\/01\/zaludok-1200x627-1-600x314.jpg 600w, https:\/\/www.secretpower.sk\/wp-content\/uploads\/2021\/01\/zaludok-1200x627-1.jpg 1200w\" sizes=\"(max-width: 1024px) 100vw, 1024px\" \/>\t\t\t\t\t\t\t\t\t\t\t\t\t<\/div>\n\t\t\t\t<\/div>\n\t\t\t\t<div class=\"elementor-element elementor-element-194c21a elementor-widget elementor-widget-text-editor\" data-id=\"194c21a\" data-element_type=\"widget\" data-widget_type=\"text-editor.default\">\n\t\t\t\t<div class=\"elementor-widget-container\">\n\t\t\t\t\t\t\t<div class=\"article-detail-perex\"><p>Pr\u00edjem potravy patr\u00ed k z\u00e1kladn\u00fdm \u013eudsk\u00fdm &#8230;.<\/p><\/div>\t\t\t\t\t\t<\/div>\n\t\t\t\t<\/div>\n\t\t\t\t\t<\/div>\n\t\t<\/div>\n\t\t\t\t<div class=\"elementor-column elementor-col-33 elementor-top-column elementor-element elementor-element-6338d2a4\" data-id=\"6338d2a4\" data-element_type=\"column\">\n\t\t\t<div class=\"elementor-widget-wrap elementor-element-populated\">\n\t\t\t\t\t\t<div class=\"elementor-element elementor-element-338634bb elementor-widget elementor-widget-heading\" data-id=\"338634bb\" data-element_type=\"widget\" data-widget_type=\"heading.default\">\n\t\t\t\t<div class=\"elementor-widget-container\">\n\t\t\t<h2 class=\"elementor-heading-title elementor-size-default\">Pe\u010de\u0148<\/h2>\t\t<\/div>\n\t\t\t\t<\/div>\n\t\t\t\t<div class=\"elementor-element elementor-element-80ecf67 elementor-widget elementor-widget-image\" data-id=\"80ecf67\" data-element_type=\"widget\" data-widget_type=\"image.default\">\n\t\t\t\t<div class=\"elementor-widget-container\">\n\t\t\t\t\t\t\t\t\t\t\t\t\t<img loading=\"lazy\" decoding=\"async\" width=\"1024\" height=\"535\" src=\"https:\/\/www.secretpower.sk\/wp-content\/uploads\/2021\/01\/pecen-1200x627-1-1024x535.jpg\" class=\"attachment-large size-large wp-image-2167\" alt=\"\" srcset=\"https:\/\/www.secretpower.sk\/wp-content\/uploads\/2021\/01\/pecen-1200x627-1-1024x535.jpg 1024w, https:\/\/www.secretpower.sk\/wp-content\/uploads\/2021\/01\/pecen-1200x627-1-300x157.jpg 300w, https:\/\/www.secretpower.sk\/wp-content\/uploads\/2021\/01\/pecen-1200x627-1-768x401.jpg 768w, https:\/\/www.secretpower.sk\/wp-content\/uploads\/2021\/01\/pecen-1200x627-1-600x314.jpg 600w, https:\/\/www.secretpower.sk\/wp-content\/uploads\/2021\/01\/pecen-1200x627-1.jpg 1200w\" sizes=\"(max-width: 1024px) 100vw, 1024px\" \/>\t\t\t\t\t\t\t\t\t\t\t\t\t<\/div>\n\t\t\t\t<\/div>\n\t\t\t\t<div class=\"elementor-element elementor-element-17b5d703 elementor-widget elementor-widget-text-editor\" data-id=\"17b5d703\" data-element_type=\"widget\" data-widget_type=\"text-editor.default\">\n\t\t\t\t<div class=\"elementor-widget-container\">\n\t\t\t\t\t\t\t<p>Pe\u010de\u0148 je najv\u00e4\u010d\u0161\u00ed vn\u00fatorn\u00fd \u013eudsk\u00fd org\u00e1n &#8230;..<\/p>\t\t\t\t\t\t<\/div>\n\t\t\t\t<\/div>\n\t\t\t\t\t<\/div>\n\t\t<\/div>\n\t\t\t\t<div class=\"elementor-column elementor-col-33 elementor-top-column elementor-element elementor-element-1c2112c9\" data-id=\"1c2112c9\" data-element_type=\"column\">\n\t\t\t<div class=\"elementor-widget-wrap elementor-element-populated\">\n\t\t\t\t\t\t<div class=\"elementor-element elementor-element-48bad8bd elementor-widget elementor-widget-heading\" data-id=\"48bad8bd\" data-element_type=\"widget\" data-widget_type=\"heading.default\">\n\t\t\t\t<div class=\"elementor-widget-container\">\n\t\t\t<h2 class=\"elementor-heading-title elementor-size-default\">\u010creva<\/h2>\t\t<\/div>\n\t\t\t\t<\/div>\n\t\t\t\t<div class=\"elementor-element elementor-element-7d501fa4 elementor-widget elementor-widget-image\" data-id=\"7d501fa4\" data-element_type=\"widget\" data-widget_type=\"image.default\">\n\t\t\t\t<div class=\"elementor-widget-container\">\n\t\t\t\t\t\t\t\t\t\t\t\t\t<img loading=\"lazy\" decoding=\"async\" width=\"1200\" height=\"627\" src=\"https:\/\/www.secretpower.sk\/wp-content\/uploads\/2021\/01\/creva-1200x627-1.jpg\" class=\"attachment-full size-full wp-image-2170\" alt=\"\" srcset=\"https:\/\/www.secretpower.sk\/wp-content\/uploads\/2021\/01\/creva-1200x627-1.jpg 1200w, https:\/\/www.secretpower.sk\/wp-content\/uploads\/2021\/01\/creva-1200x627-1-300x157.jpg 300w, https:\/\/www.secretpower.sk\/wp-content\/uploads\/2021\/01\/creva-1200x627-1-1024x535.jpg 1024w, https:\/\/www.secretpower.sk\/wp-content\/uploads\/2021\/01\/creva-1200x627-1-768x401.jpg 768w, https:\/\/www.secretpower.sk\/wp-content\/uploads\/2021\/01\/creva-1200x627-1-600x314.jpg 600w\" sizes=\"(max-width: 1200px) 100vw, 1200px\" \/>\t\t\t\t\t\t\t\t\t\t\t\t\t<\/div>\n\t\t\t\t<\/div>\n\t\t\t\t<div class=\"elementor-element elementor-element-a1be5d4 elementor-widget elementor-widget-text-editor\" data-id=\"a1be5d4\" data-element_type=\"widget\" data-widget_type=\"text-editor.default\">\n\t\t\t\t<div class=\"elementor-widget-container\">\n\t\t\t\t\t\t\t<p>\u010crevo\u00a0 je najdlh\u0161\u00ed \u00fasek tr\u00e1viacej trubice&#8230;.<\/p>\t\t\t\t\t\t<\/div>\n\t\t\t\t<\/div>\n\t\t\t\t\t<\/div>\n\t\t<\/div>\n\t\t\t\t\t<\/div>\n\t\t<\/section>\n\t\t\t\t<\/div>\n\t\t\t\t<\/div>\n\t\t\t\t<\/div>\n\t\t\t\t<\/div>\n\t\t\t\t\t<\/div>\n\t\t<\/div>\n\t\t\t\t\t<\/div>\n\t\t<\/section>\n\t\t\t\t<\/div>\n\t\t","protected":false},"excerpt":{"rendered":"<p>\u013dudsk\u00e9 Telo \u201e\u010clovek pozn\u00e1 seba, ke\u010f pozn\u00e1 svet, ktor\u00fd pozoruje v sebe a seba v \u0148om.\u201c Johan Wolfgang von Goethe<\/p>\n","protected":false},"author":1,"featured_media":0,"parent":49,"menu_order":1,"comment_status":"closed","ping_status":"closed","template":"","meta":{"site-sidebar-layout":"no-sidebar","site-content-layout":"page-builder","ast-site-content-layout":"","site-content-style":"default","site-sidebar-style":"default","ast-global-header-display":"","ast-banner-title-visibility":"","ast-main-header-display":"","ast-hfb-above-header-display":"","ast-hfb-below-header-display":"","ast-hfb-mobile-header-display":"","site-post-title":"disabled","ast-breadcrumbs-content":"","ast-featured-img":"disabled","footer-sml-layout":"","theme-transparent-header-meta":"default","adv-header-id-meta":"","stick-header-meta":"","header-above-stick-meta":"","header-main-stick-meta":"","header-below-stick-meta":"","astra-migrate-meta-layouts":"default","ast-page-background-enabled":"default","ast-page-background-meta":{"desktop":{"background-color":"var(--ast-global-color-4)","background-image":"","background-repeat":"repeat","background-position":"center center","background-size":"auto","background-attachment":"scroll","background-type":"","background-media":"","overlay-type":"","overlay-color":"","overlay-gradient":""},"tablet":{"background-color":"","background-image":"","background-repeat":"repeat","background-position":"center center","background-size":"auto","background-attachment":"scroll","background-type":"","background-media":"","overlay-type":"","overlay-color":"","overlay-gradient":""},"mobile":{"background-color":"","background-image":"","background-repeat":"repeat","background-position":"center center","background-size":"auto","background-attachment":"scroll","background-type":"","background-media":"","overlay-type":"","overlay-color":"","overlay-gradient":""}},"ast-content-background-meta":{"desktop":{"background-color":"var(--ast-global-color-5)","background-image":"","background-repeat":"repeat","background-position":"center center","background-size":"auto","background-attachment":"scroll","background-type":"","background-media":"","overlay-type":"","overlay-color":"","overlay-gradient":""},"tablet":{"background-color":"var(--ast-global-color-5)","background-image":"","background-repeat":"repeat","background-position":"center center","background-size":"auto","background-attachment":"scroll","background-type":"","background-media":"","overlay-type":"","overlay-color":"","overlay-gradient":""},"mobile":{"background-color":"var(--ast-global-color-5)","background-image":"","background-repeat":"repeat","background-position":"center center","background-size":"auto","background-attachment":"scroll","background-type":"","background-media":"","overlay-type":"","overlay-color":"","overlay-gradient":""}},"footnotes":""},"class_list":["post-2075","page","type-page","status-publish","hentry"],"_links":{"self":[{"href":"https:\/\/www.secretpower.sk\/ru\/wp-json\/wp\/v2\/pages\/2075","targetHints":{"allow":["GET"]}}],"collection":[{"href":"https:\/\/www.secretpower.sk\/ru\/wp-json\/wp\/v2\/pages"}],"about":[{"href":"https:\/\/www.secretpower.sk\/ru\/wp-json\/wp\/v2\/types\/page"}],"author":[{"embeddable":true,"href":"https:\/\/www.secretpower.sk\/ru\/wp-json\/wp\/v2\/users\/1"}],"replies":[{"embeddable":true,"href":"https:\/\/www.secretpower.sk\/ru\/wp-json\/wp\/v2\/comments?post=2075"}],"version-history":[{"count":19,"href":"https:\/\/www.secretpower.sk\/ru\/wp-json\/wp\/v2\/pages\/2075\/revisions"}],"predecessor-version":[{"id":2454,"href":"https:\/\/www.secretpower.sk\/ru\/wp-json\/wp\/v2\/pages\/2075\/revisions\/2454"}],"up":[{"embeddable":true,"href":"https:\/\/www.secretpower.sk\/ru\/wp-json\/wp\/v2\/pages\/49"}],"wp:attachment":[{"href":"https:\/\/www.secretpower.sk\/ru\/wp-json\/wp\/v2\/media?parent=2075"}],"curies":[{"name":"wp","href":"https:\/\/api.w.org\/{rel}","templated":true}]}}