{"id":2431,"date":"2021-01-23T23:19:45","date_gmt":"2021-01-23T23:19:45","guid":{"rendered":"https:\/\/www.secretpower.sk\/?page_id=2431"},"modified":"2021-01-24T12:15:51","modified_gmt":"2021-01-24T12:15:51","slug":"ludske-telo-rozvinuta","status":"publish","type":"page","link":"https:\/\/www.secretpower.sk\/en\/education\/ludske-telo\/ludske-telo-rozvinuta\/","title":{"rendered":"\u013dudsk\u00e9 Telo &#8211; rozvinut\u00e1"},"content":{"rendered":"\t\t<div data-elementor-type=\"wp-page\" data-elementor-id=\"2431\" class=\"elementor elementor-2431\" data-elementor-post-type=\"page\">\n\t\t\t\t\t\t<section class=\"elementor-section elementor-top-section elementor-element elementor-element-c2ce107 elementor-section-height-min-height elementor-section-boxed elementor-section-height-default elementor-section-items-middle\" data-id=\"c2ce107\" data-element_type=\"section\" data-settings=\"{&quot;background_background&quot;:&quot;classic&quot;}\">\n\t\t\t\t\t\t<div class=\"elementor-container elementor-column-gap-default\">\n\t\t\t\t\t<div class=\"elementor-column elementor-col-33 elementor-top-column elementor-element elementor-element-4d0e5cb\" data-id=\"4d0e5cb\" data-element_type=\"column\">\n\t\t\t<div class=\"elementor-widget-wrap\">\n\t\t\t\t\t\t\t<\/div>\n\t\t<\/div>\n\t\t\t\t<div class=\"elementor-column elementor-col-33 elementor-top-column elementor-element elementor-element-93ecc63\" data-id=\"93ecc63\" data-element_type=\"column\">\n\t\t\t<div class=\"elementor-widget-wrap elementor-element-populated\">\n\t\t\t\t\t\t<div class=\"elementor-element elementor-element-a3362c9 elementor-widget elementor-widget-heading\" data-id=\"a3362c9\" data-element_type=\"widget\" data-widget_type=\"heading.default\">\n\t\t\t\t<div class=\"elementor-widget-container\">\n\t\t\t<h2 class=\"elementor-heading-title elementor-size-default\">\u013dUDsk\u00e9 telo<\/h2>\t\t<\/div>\n\t\t\t\t<\/div>\n\t\t\t\t\t<\/div>\n\t\t<\/div>\n\t\t\t\t<div class=\"elementor-column elementor-col-33 elementor-top-column elementor-element elementor-element-307ec5d\" data-id=\"307ec5d\" data-element_type=\"column\">\n\t\t\t<div class=\"elementor-widget-wrap\">\n\t\t\t\t\t\t\t<\/div>\n\t\t<\/div>\n\t\t\t\t\t<\/div>\n\t\t<\/section>\n\t\t\t\t<section class=\"elementor-section elementor-top-section elementor-element elementor-element-d8fe98d elementor-section-boxed elementor-section-height-default elementor-section-height-default\" data-id=\"d8fe98d\" data-element_type=\"section\">\n\t\t\t\t\t\t<div class=\"elementor-container elementor-column-gap-default\">\n\t\t\t\t\t<div class=\"elementor-column elementor-col-100 elementor-top-column elementor-element elementor-element-a4a0ad6\" data-id=\"a4a0ad6\" data-element_type=\"column\">\n\t\t\t<div class=\"elementor-widget-wrap elementor-element-populated\">\n\t\t\t\t\t\t<div class=\"elementor-element elementor-element-b7ccdb9 elementor-widget elementor-widget-template\" data-id=\"b7ccdb9\" data-element_type=\"widget\" data-widget_type=\"template.default\">\n\t\t\t\t<div class=\"elementor-widget-container\">\n\t\t\t\t\t<div class=\"elementor-template\">\n\t\t\t\t\t<div data-elementor-type=\"page\" data-elementor-id=\"2434\" class=\"elementor elementor-2434\" data-elementor-post-type=\"elementor_library\">\n\t\t\t\t\t\t<section class=\"elementor-section elementor-top-section elementor-element elementor-element-6c01b142 elementor-section-boxed elementor-section-height-default elementor-section-height-default\" data-id=\"6c01b142\" data-element_type=\"section\">\n\t\t\t\t\t\t<div class=\"elementor-container elementor-column-gap-default\">\n\t\t\t\t\t<div class=\"elementor-column elementor-col-100 elementor-top-column elementor-element elementor-element-7d03a67a\" data-id=\"7d03a67a\" data-element_type=\"column\" data-settings=\"{&quot;background_background&quot;:&quot;gradient&quot;}\">\n\t\t\t<div class=\"elementor-widget-wrap elementor-element-populated\">\n\t\t\t\t\t\t<div class=\"elementor-element elementor-element-152ed39e elementor-blockquote--skin-border elementor-blockquote--button-color-official elementor-widget elementor-widget-blockquote\" data-id=\"152ed39e\" data-element_type=\"widget\" data-widget_type=\"blockquote.default\">\n\t\t\t\t<div class=\"elementor-widget-container\">\n\t\t\t\t\t<blockquote class=\"elementor-blockquote\">\n\t\t\t<p class=\"elementor-blockquote__content\">\n\t\t\t\t\u201eVesel\u00e1 myse\u013e a pokojn\u00e9 srdce s\u00fa najlep\u0161\u00edm liekom na zdravie.\u201c\t\t\t<\/p>\n\t\t\t\t\t\t\t<div class=\"e-q-footer\">\n\t\t\t\t\t\t\t\t\t\t\t<cite class=\"elementor-blockquote__author\">Slovensk\u00e9 pr\u00edslovie<\/cite>\n\t\t\t\t\t\t\t\t\t\t\t\t\t\t<\/div>\n\t\t\t\t\t<\/blockquote>\n\t\t\t\t<\/div>\n\t\t\t\t<\/div>\n\t\t\t\t\t<\/div>\n\t\t<\/div>\n\t\t\t\t\t<\/div>\n\t\t<\/section>\n\t\t\t\t<\/div>\n\t\t\t\t<\/div>\n\t\t\t\t<\/div>\n\t\t\t\t<\/div>\n\t\t\t\t\t<\/div>\n\t\t<\/div>\n\t\t\t\t\t<\/div>\n\t\t<\/section>\n\t\t\t\t<section class=\"elementor-section elementor-top-section elementor-element elementor-element-347e5da elementor-section-boxed elementor-section-height-default elementor-section-height-default\" data-id=\"347e5da\" data-element_type=\"section\">\n\t\t\t\t\t\t<div class=\"elementor-container elementor-column-gap-default\">\n\t\t\t\t\t<div class=\"elementor-column elementor-col-100 elementor-top-column elementor-element elementor-element-9a16eb1\" data-id=\"9a16eb1\" data-element_type=\"column\">\n\t\t\t<div class=\"elementor-widget-wrap elementor-element-populated\">\n\t\t\t\t\t\t<div class=\"elementor-element elementor-element-7126a9b elementor-widget elementor-widget-text-editor\" data-id=\"7126a9b\" data-element_type=\"widget\" data-widget_type=\"text-editor.default\">\n\t\t\t\t<div class=\"elementor-widget-container\">\n\t\t\t\t\t\t\t<p>\u013dudsk\u00e9 telo je asi najz\u00e1hadnej\u0161\u00ed stroj, ak\u00fd pozn\u00e1me. Ka\u017ed\u00e1 jedn\u00e1 \u010das\u0165, ka\u017ed\u00e1 jedn\u00e1 bunka\u00a0 a nepochopite\u013en\u00e9 prepojenie s na\u0161\u00edm mozgom ho robia tajomn\u00fdm a zvl\u00e1\u0161tnym. Vedci u\u017e dlh\u00e9 roky sk\u00famaj\u00fa tajomstvo \u013eudsk\u00e9ho tela. Sna\u017eia sa pochopi\u0165 ako funguje z r\u00f4znych d\u00f4vodov ale nevedia v ur\u010dit\u00fdch oblastiach dospie\u0165 k jeho rozl\u00fa\u0161teniu.\u00a0<\/p><p>\u00a0Ka\u017ed\u00fd de\u0148 pou\u017e\u00edvame org\u00e1ny, ktor\u00e9 s\u00fa star\u00e9 st\u00e1mili\u00f3ny rokov av\u0161ak o ich hist\u00f3rii ni\u010d nevieme. Modern\u00e9 technol\u00f3gie n\u00e1m dnes pon\u00fakaj\u00fa nov\u00fd poh\u013ead na na\u0161u anat\u00f3miu. Pon\u00faka sa n\u00e1m jedine\u010dn\u00e1 pr\u00edle\u017eitos\u0165 presk\u00fama\u0165 na\u0161e telo, presk\u00fama\u0165 jeho minulos\u0165 a dozvedie\u0165 sa \u010do n\u00e1s sp\u00e1ja s ostatn\u00fdmi druhmi a \u010do n\u00e1s od nich odli\u0161uje. <span style=\"font-size: 16px;\">M\u00e1me mo\u017enos\u0165 oboznamova\u0165 sa s st\u00e1le nov\u00fdmi te\u00f3riami, ktor\u00e9 sa sna\u017eia jedna druhu doplni\u0165 alebo vyvr\u00e1ti\u0165. <\/span>Toto, ale nie je to \u010domu sa chcem venova\u0165 v tejto sekcii. Zauj\u00edma ma obdobie v ktorom sa u\u017e vieme dop\u00e1tra\u0165 k r\u00f4znym artefaktom, ktor\u00e9 n\u00e1m poukazuj\u00fa na jeho spr\u00e1vanie, konanie a \u010dinnosti, ktor\u00e9 vykon\u00e1val. To \u010do ma najviac fascinuje je schopnos\u0165 \u013eudsk\u00e9ho organizmu adaptova\u0165 sa na zmeny, ktor\u00e9 sa dej\u00fa po\u010das tohto obdobia. Sme osobn\u00fdmi svedkami \u00fa\u017easn\u00fdch zmien, ktor\u00e9 sa stali v 20 storo\u010d\u00ed. Ako na n\u00e1s tieto zmeny vpl\u00fdvaj\u00fa, ak\u00fd maj\u00fa dopad na na\u0161e okolie. S\u00fa tieto zmeny pre n\u00e1s pr\u00ednosom? D\u00e1vaj\u00fa n\u00e1m tieto zmeny a inform\u00e1cie mo\u017enos\u0165 by\u0165 \u0161\u0165astn\u00fdmi? D\u00e1vaj\u00fa n\u00e1m odpove\u010f na na\u0161u ot\u00e1zku : <strong>Kto som?<\/strong>\u00a0<\/p><p>V\u0161eobecne sa hovor\u00ed, \u017ee Sumeri boli prv\u00fd, ktor\u00fd pou\u017e\u00edvali p\u00edsmo. Ich vedomosti, d\u00f4myseln\u00e9 stavby, nepotvrdenos\u0165 p\u00f4vodu tr\u00e1pi nejedn\u00e9ho vedca na svete. Odkia\u013e Sumeri do Mezopotamie pri\u0161li? \u00dazemie na ktorom \u017eili je s\u00fa\u010dasne \u00fazemie teraj\u0161ieho Iraku. Zo z\u00e1kladnej \u0161koly si pam\u00e4t\u00e1me, \u017ee Sumerom v\u010fa\u010d\u00edme za vyn\u00e1jdenie kolesa \u2013 obrovsky objav pre \u013eudstvo. Mali taktie\u017e zauj\u00edmav\u00e9 poznatky z oblasti astron\u00f3mie. Poznali plan\u00e9ty, a u\u017e vtedy vedeli, \u017ee Zem obieha okolo Slnka. Na\u0161a civiliz\u00e1cia 16 storo\u010die Kopernik. Kres\u0165ania poznaj\u00fa pr\u00edbeh z Biblie o Noemovi a jeho arche. V sl\u00e1vnom Epose o Gilgame\u0161ovi je spomenut\u00ed mu\u017e menom Utnapi\u0161tim, ktor\u00fd taktie\u017e pred ve\u013ekou potopou postavil archu, nabral zvierat\u00e1 a \u013eudsk\u00e9 bytosti. Sumerovia mali vlastn\u00ed poh\u013ead na vznik sveta i samotn\u00e9ho \u013eudstva. Najvy\u0161\u0161ie bo\u017estvo Sumerov boli Anunnaki \u2013 bytosti vzne\u0161en\u00e9ho semena . Odkia\u013e mala Sumerska civiliz\u00e1cia tieto poznatky ost\u00e1va z\u00e1hadou dodnes.<\/p><p>\u00a0Na ceste k zdraviu a vn\u00fatornej harm\u00f3ni\u00ed potrebujeme ma\u0165 inform\u00e1cie, ktor\u00e9 n\u00e1s doved\u00fa k cie\u013eu. T\u00fdch ciest je ve\u013emi ve\u013ea preto je n\u00e1\u0161 \u017eivot tak\u00fd zauj\u00edmav\u00fd. Zauj\u00edmav\u00e9 s\u00fa lie\u010debn\u00e9 a relaxa\u010dn\u00e9 met\u00f3dy s ktor\u00fdmi sa budeme ma\u0165 mo\u017enos\u0165 zozn\u00e1mi\u0165.<\/p>\t\t\t\t\t\t<\/div>\n\t\t\t\t<\/div>\n\t\t\t\t\t<\/div>\n\t\t<\/div>\n\t\t\t\t\t<\/div>\n\t\t<\/section>\n\t\t\t\t<\/div>\n\t\t","protected":false},"excerpt":{"rendered":"<p>\u013dUDsk\u00e9 telo \u013dudsk\u00e9 telo je asi najz\u00e1hadnej\u0161\u00ed stroj, ak\u00fd pozn\u00e1me. Ka\u017ed\u00e1 jedn\u00e1 \u010das\u0165, ka\u017ed\u00e1 jedn\u00e1 bunka\u00a0 a nepochopite\u013en\u00e9 prepojenie s na\u0161\u00edm mozgom ho robia tajomn\u00fdm a zvl\u00e1\u0161tnym. Vedci u\u017e dlh\u00e9 roky sk\u00famaj\u00fa tajomstvo \u013eudsk\u00e9ho tela. Sna\u017eia sa pochopi\u0165 ako funguje z r\u00f4znych d\u00f4vodov ale nevedia v ur\u010dit\u00fdch oblastiach dospie\u0165 k jeho rozl\u00fa\u0161teniu.\u00a0 \u00a0Ka\u017ed\u00fd de\u0148 pou\u017e\u00edvame [&hellip;]<\/p>\n","protected":false},"author":1,"featured_media":0,"parent":2075,"menu_order":1,"comment_status":"closed","ping_status":"closed","template":"","meta":{"site-sidebar-layout":"no-sidebar","site-content-layout":"page-builder","ast-site-content-layout":"","site-content-style":"default","site-sidebar-style":"default","ast-global-header-display":"","ast-banner-title-visibility":"","ast-main-header-display":"","ast-hfb-above-header-display":"","ast-hfb-below-header-display":"","ast-hfb-mobile-header-display":"","site-post-title":"disabled","ast-breadcrumbs-content":"","ast-featured-img":"disabled","footer-sml-layout":"","theme-transparent-header-meta":"default","adv-header-id-meta":"","stick-header-meta":"","header-above-stick-meta":"","header-main-stick-meta":"","header-below-stick-meta":"","astra-migrate-meta-layouts":"default","ast-page-background-enabled":"default","ast-page-background-meta":{"desktop":{"background-color":"var(--ast-global-color-4)","background-image":"","background-repeat":"repeat","background-position":"center center","background-size":"auto","background-attachment":"scroll","background-type":"","background-media":"","overlay-type":"","overlay-color":"","overlay-gradient":""},"tablet":{"background-color":"","background-image":"","background-repeat":"repeat","background-position":"center center","background-size":"auto","background-attachment":"scroll","background-type":"","background-media":"","overlay-type":"","overlay-color":"","overlay-gradient":""},"mobile":{"background-color":"","background-image":"","background-repeat":"repeat","background-position":"center center","background-size":"auto","background-attachment":"scroll","background-type":"","background-media":"","overlay-type":"","overlay-color":"","overlay-gradient":""}},"ast-content-background-meta":{"desktop":{"background-color":"var(--ast-global-color-5)","background-image":"","background-repeat":"repeat","background-position":"center center","background-size":"auto","background-attachment":"scroll","background-type":"","background-media":"","overlay-type":"","overlay-color":"","overlay-gradient":""},"tablet":{"background-color":"var(--ast-global-color-5)","background-image":"","background-repeat":"repeat","background-position":"center center","background-size":"auto","background-attachment":"scroll","background-type":"","background-media":"","overlay-type":"","overlay-color":"","overlay-gradient":""},"mobile":{"background-color":"var(--ast-global-color-5)","background-image":"","background-repeat":"repeat","background-position":"center center","background-size":"auto","background-attachment":"scroll","background-type":"","background-media":"","overlay-type":"","overlay-color":"","overlay-gradient":""}},"footnotes":""},"class_list":["post-2431","page","type-page","status-publish","hentry"],"_links":{"self":[{"href":"https:\/\/www.secretpower.sk\/en\/wp-json\/wp\/v2\/pages\/2431","targetHints":{"allow":["GET"]}}],"collection":[{"href":"https:\/\/www.secretpower.sk\/en\/wp-json\/wp\/v2\/pages"}],"about":[{"href":"https:\/\/www.secretpower.sk\/en\/wp-json\/wp\/v2\/types\/page"}],"author":[{"embeddable":true,"href":"https:\/\/www.secretpower.sk\/en\/wp-json\/wp\/v2\/users\/1"}],"replies":[{"embeddable":true,"href":"https:\/\/www.secretpower.sk\/en\/wp-json\/wp\/v2\/comments?post=2431"}],"version-history":[{"count":7,"href":"https:\/\/www.secretpower.sk\/en\/wp-json\/wp\/v2\/pages\/2431\/revisions"}],"predecessor-version":[{"id":2462,"href":"https:\/\/www.secretpower.sk\/en\/wp-json\/wp\/v2\/pages\/2431\/revisions\/2462"}],"up":[{"embeddable":true,"href":"https:\/\/www.secretpower.sk\/en\/wp-json\/wp\/v2\/pages\/2075"}],"wp:attachment":[{"href":"https:\/\/www.secretpower.sk\/en\/wp-json\/wp\/v2\/media?parent=2431"}],"curies":[{"name":"wp","href":"https:\/\/api.w.org\/{rel}","templated":true}]}}