{"id":1795,"date":"2020-10-02T18:48:19","date_gmt":"2020-10-02T18:48:19","guid":{"rendered":"https:\/\/www.secretpower.sk\/?page_id=1795"},"modified":"2021-01-19T21:36:32","modified_gmt":"2021-01-19T21:36:32","slug":"clanok9","status":"publish","type":"page","link":"https:\/\/www.secretpower.sk\/en\/blog\/clanok9\/","title":{"rendered":"Clanok 9 &#8211; LIE\u010cENIE ENERGIOU V SKUTO\u010cNOM \u017dIVOTE. ROZHOVOR S SERGEJOM RATNEROM."},"content":{"rendered":"\t\t<div data-elementor-type=\"wp-page\" data-elementor-id=\"1795\" class=\"elementor elementor-1795\" data-elementor-post-type=\"page\">\n\t\t\t\t\t\t<section class=\"elementor-section elementor-top-section elementor-element elementor-element-26d0ddd elementor-section-boxed elementor-section-height-default elementor-section-height-default\" data-id=\"26d0ddd\" data-element_type=\"section\">\n\t\t\t\t\t\t<div class=\"elementor-container elementor-column-gap-default\">\n\t\t\t\t\t<div class=\"elementor-column elementor-col-100 elementor-top-column elementor-element elementor-element-35f2a7c\" data-id=\"35f2a7c\" data-element_type=\"column\">\n\t\t\t<div class=\"elementor-widget-wrap elementor-element-populated\">\n\t\t\t\t\t\t<div class=\"elementor-element elementor-element-66084ee elementor-widget elementor-widget-heading\" data-id=\"66084ee\" data-element_type=\"widget\" data-widget_type=\"heading.default\">\n\t\t\t\t<div class=\"elementor-widget-container\">\n\t\t\t<h2 class=\"elementor-heading-title elementor-size-default\">LIE\u010cENIE ENERGIOU V SKUTO\u010cNOM \u017dIVOTE. ROZHOVOR so SERGEjom RATneROM.<\/h2>\t\t<\/div>\n\t\t\t\t<\/div>\n\t\t\t\t\t<\/div>\n\t\t<\/div>\n\t\t\t\t\t<\/div>\n\t\t<\/section>\n\t\t\t\t<section class=\"elementor-section elementor-top-section elementor-element elementor-element-567db40 elementor-section-boxed elementor-section-height-default elementor-section-height-default\" data-id=\"567db40\" data-element_type=\"section\">\n\t\t\t\t\t\t<div class=\"elementor-container elementor-column-gap-default\">\n\t\t\t\t\t<div class=\"elementor-column elementor-col-100 elementor-top-column elementor-element elementor-element-01432e6\" data-id=\"01432e6\" data-element_type=\"column\">\n\t\t\t<div class=\"elementor-widget-wrap elementor-element-populated\">\n\t\t\t\t\t\t<div class=\"elementor-element elementor-element-b25e11c elementor-widget elementor-widget-image\" data-id=\"b25e11c\" data-element_type=\"widget\" data-widget_type=\"image.default\">\n\t\t\t\t<div class=\"elementor-widget-container\">\n\t\t\t\t\t\t\t\t\t\t\t\t\t<img fetchpriority=\"high\" decoding=\"async\" width=\"474\" height=\"267\" src=\"https:\/\/www.secretpower.sk\/wp-content\/uploads\/2020\/10\/blog-uzdravenie-energiou.jpg\" class=\"attachment-large size-large wp-image-1797\" alt=\"\" srcset=\"https:\/\/www.secretpower.sk\/wp-content\/uploads\/2020\/10\/blog-uzdravenie-energiou.jpg 474w, https:\/\/www.secretpower.sk\/wp-content\/uploads\/2020\/10\/blog-uzdravenie-energiou-300x169.jpg 300w\" sizes=\"(max-width: 474px) 100vw, 474px\" \/>\t\t\t\t\t\t\t\t\t\t\t\t\t<\/div>\n\t\t\t\t<\/div>\n\t\t\t\t\t<\/div>\n\t\t<\/div>\n\t\t\t\t\t<\/div>\n\t\t<\/section>\n\t\t\t\t<section class=\"elementor-section elementor-top-section elementor-element elementor-element-1473754 elementor-section-boxed elementor-section-height-default elementor-section-height-default\" data-id=\"1473754\" data-element_type=\"section\">\n\t\t\t\t\t\t<div class=\"elementor-container elementor-column-gap-default\">\n\t\t\t\t\t<div class=\"elementor-column elementor-col-100 elementor-top-column elementor-element elementor-element-544c11a\" data-id=\"544c11a\" data-element_type=\"column\">\n\t\t\t<div class=\"elementor-widget-wrap elementor-element-populated\">\n\t\t\t\t\t\t<div class=\"elementor-element elementor-element-e514ef4 elementor-widget elementor-widget-text-editor\" data-id=\"e514ef4\" data-element_type=\"widget\" data-widget_type=\"text-editor.default\">\n\t\t\t\t<div class=\"elementor-widget-container\">\n\t\t\t\t\t\t\t<p>Ak v na\u0161om \u017eivote vznikaj\u00fa probl\u00e9my, je \u0165a\u017ek\u00e9 by\u0165 spokojn\u00fdm a vyrovnan\u00fdm. Sme nerv\u00f3zni, upad\u00e1me do depresie, za\u0165a\u017eujeme sa negat\u00edvnymi my\u0161lienkami a em\u00f3ciami, a t\u00fdm vyv\u00e1dzame z rovnov\u00e1hy nielen seba, ale aj \u013eud\u00ed okolo n\u00e1s.<\/p><p>Ak sa n\u00e1m nedar\u00ed vyrie\u0161i\u0165 probl\u00e9m vlastn\u00fdmi silami, h\u013ead\u00e1me radu inde &#8211; u priate\u013eov, rodi\u010dov, kolegov, lek\u00e1rov, psychol\u00f3gov at\u010f., a\u017e k\u00fdm nepochop\u00edme, \u017ee rie\u0161enie probl\u00e9mu je niekde za hranicami fyzick\u00e9ho ch\u00e1pania sveta. Vtedy pochop\u00edme, \u017ee potrebujeme \u010dloveka, ktor\u00e9ho v\u00edzia a ch\u00e1panie vych\u00e1dza za r\u00e1mec be\u017en\u00e9ho alebo vedeck\u00e9ho poh\u013eadu.<\/p><p>O tom, ako a kde h\u013eada\u0165 alternat\u00edvne sp\u00f4soby rie\u0161enia probl\u00e9mov, ako spoji\u0165 duchovn\u00fa cestu so skuto\u010dn\u00fdm \u017eivotom, sa budeme rozpr\u00e1va\u0165 so Sergejom Ratnerom, sl\u00e1vnym izraelsk\u00fdm bioenergetikom, v\u00ed\u0165azom reality show \u201eKoax\u201c.<\/p>\t\t\t\t\t\t<\/div>\n\t\t\t\t<\/div>\n\t\t\t\t\t<\/div>\n\t\t<\/div>\n\t\t\t\t\t<\/div>\n\t\t<\/section>\n\t\t\t\t<section class=\"elementor-section elementor-top-section elementor-element elementor-element-3fd3bd5 elementor-section-boxed elementor-section-height-default elementor-section-height-default\" data-id=\"3fd3bd5\" data-element_type=\"section\">\n\t\t\t\t\t\t<div class=\"elementor-container elementor-column-gap-default\">\n\t\t\t\t\t<div class=\"elementor-column elementor-col-100 elementor-top-column elementor-element elementor-element-e691985\" data-id=\"e691985\" data-element_type=\"column\">\n\t\t\t<div class=\"elementor-widget-wrap elementor-element-populated\">\n\t\t\t\t\t\t<div class=\"elementor-element elementor-element-fa23d24 elementor-widget elementor-widget-heading\" data-id=\"fa23d24\" data-element_type=\"widget\" data-widget_type=\"heading.default\">\n\t\t\t\t<div class=\"elementor-widget-container\">\n\t\t\t<h4 class=\"elementor-heading-title elementor-size-default\">O Sergejovi Ratnerovi a jeho pr\u00edstupe k rie\u0161eniu probl\u00e9mov\n\n\n<\/h4>\t\t<\/div>\n\t\t\t\t<\/div>\n\t\t\t\t\t<\/div>\n\t\t<\/div>\n\t\t\t\t\t<\/div>\n\t\t<\/section>\n\t\t\t\t<section class=\"elementor-section elementor-top-section elementor-element elementor-element-7fc4acc elementor-section-boxed elementor-section-height-default elementor-section-height-default\" data-id=\"7fc4acc\" data-element_type=\"section\">\n\t\t\t\t\t\t<div class=\"elementor-container elementor-column-gap-default\">\n\t\t\t\t\t<div class=\"elementor-column elementor-col-100 elementor-top-column elementor-element elementor-element-42ca418\" data-id=\"42ca418\" data-element_type=\"column\">\n\t\t\t<div class=\"elementor-widget-wrap elementor-element-populated\">\n\t\t\t\t\t\t<div class=\"elementor-element elementor-element-8a7c996 elementor-widget elementor-widget-text-editor\" data-id=\"8a7c996\" data-element_type=\"widget\" data-widget_type=\"text-editor.default\">\n\t\t\t\t<div class=\"elementor-widget-container\">\n\t\t\t\t\t\t\t<p>Sergej Ratner je autorom jedine\u010dnej metodiky ako pracova\u0165 s energiou, ktor\u00e1 rozv\u00edja sily n\u00e1\u0161ho podvedomia a umo\u017e\u0148uje ich efekt\u00edvne vyu\u017e\u00edva\u0165 vo svojom \u017eivote.\u00a0<\/p><p><span style=\"color: #ff0000;\">Sergej, povedz n\u00e1m, ak\u00fd pr\u00edstup k rie\u0161eniu probl\u00e9mov navrhuje\u0161? Ako sa odli\u0161uje od met\u00f3d, ktor\u00e9 pou\u017e\u00edvaj\u00fa lek\u00e1ri, psychol\u00f3govia, astrol\u00f3govia a in\u00ed odborn\u00edci, ktor\u00ed pom\u00e1haj\u00fa \u013eu\u010fom n\u00e1js\u0165 cestu zo zlo\u017eit\u00fdch situ\u00e1ci\u00ed?<\/span><\/p><p>Nie som obozn\u00e1men\u00fd s praxou psychol\u00f3gov, astrol\u00f3gov alebo in\u00fdch odborn\u00edkov, budem\u00a0 hovori\u0165 o sebe z jedn\u00e9ho jednoduch\u00e9ho d\u00f4vodu: rozumiem tomu, \u010do rob\u00edm ja. Pr\u00edstup k rie\u0161eniu probl\u00e9mov\u00a0 navrhujem komplexne. Nem\u00e1m ni\u010d proti lek\u00e1rom, ale ak \u010dlovek pr\u00edde so zdravotn\u00fdm probl\u00e9mom, potom sa mus\u00edm zapoji\u0165 . Preto\u017ee, ak \u010dlovek u\u017e\u00edva nejak\u00e9 tabletky na chronick\u00e9 probl\u00e9my, a ja som ich nepredp\u00edsal, nem\u00e1m pr\u00e1vo ich zru\u0161i\u0165. No ke\u010f sa \u010dloveku polep\u0161\u00ed a lek\u00e1r tabletky zru\u0161\u00ed &#8211; hovor\u00ed to o v\u00fdsledkoch pr\u00e1ce, ktor\u00fa rob\u00edm.<\/p><p>Komplexn\u00fd pr\u00edstup k rie\u0161eniu probl\u00e9mov znamen\u00e1, \u017ee osoba, ktor\u00e1 za mnou pr\u00edde na konzult\u00e1ciu, nie je len pas\u00edvnym pacientom a posluch\u00e1\u010dom. Komplexn\u00fd pr\u00edstup spo\u010d\u00edva v tom, \u017ee po\u010das proced\u00far u\u010d\u00edm \u010dloveka pozit\u00edvnemu mysleniu, hovor\u00edm mu, \u010domu by sa mal venova\u0165, odkia\u013e sa probl\u00e9m vzal, a ako sa ho znovu vyvarova\u0165. Spolu s mojou pr\u00e1cou, s pr\u00e1cou na energetike \u010dloveka, je tu aj pr\u00e1ca \u010dloveka na sebe samom.<\/p><p><span style=\"color: #ff0000;\">\u013dudia, ktor\u00ed chodia za extrasensom alebo lie\u010dite\u013eom, \u010dasto o\u010dak\u00e1vaj\u00fa okam\u017eit\u00e9 a magick\u00e9 rie\u0161enie v\u0161etk\u00fdch svojich probl\u00e9mov. Od \u010doho z\u00e1vis\u00ed mno\u017estvo \u010dasu a po\u010det stretnut\u00ed, ktor\u00e9 tr\u00e1vite s ka\u017ed\u00fdm svoj\u00edm klientom, ako je \u0161trukturovan\u00e1 va\u0161a pr\u00e1ca?<\/span><\/p><p>Jednoducho nepracujem s \u013eu\u010fmi, ktor\u00ed h\u013eadaj\u00fa okam\u017eit\u00e9 a magick\u00e9 rie\u0161enie svojich probl\u00e9mov, preto\u017ee som presved\u010den\u00fd, \u017ee z\u00e1zraky v \u017eivote neexistuj\u00fa. Existuje len tvrd\u00e1 pr\u00e1ca a existuje v\u00e1\u017ene rozhodnutie \u010dloveka dosta\u0165 sa z probl\u00e9mu. Ak sa \u010dlovek skuto\u010dne rozhodne\u00a0 dosta\u0165 sa zo svojho probl\u00e9mu, mus\u00ed pochopi\u0165, \u017ee v \u017eivote sa z\u00e1zraky nest\u00e1vaj\u00fa.<\/p><p>Mno\u017estvo \u010dasu a po\u010det stretnut\u00ed z\u00e1vis\u00ed od komplikovanosti probl\u00e9mu &#8211; od mno\u017estva negat\u00edvnej energie obsiahnutej v organizme konkr\u00e9tnej osoby a od t\u00fa\u017eby zbavi\u0165 sa tejto energie. Okrem toho je \u0165a\u017ek\u00e9 poveda\u0165, \u010di \u010dlovek bude zdrav\u00fd presne po piatich alebo desiatich proced\u00farach. Mal som pr\u00edpady, ke\u010f bol \u010dlovek zdrav\u00fd u\u017e po prvej proced\u00fare.\u00a0 A stalo sa, \u017ee nesta\u010dil ani rok, aby sme vyrie\u0161ili ten, \u010di onen probl\u00e9m.<\/p><p>Nikdy \u010dloveku nehovor\u00edm: \u201epo troch proced\u00farach bude\u0161 zdrav\u00fd.\u201c Hovor\u00edm: \u201eTu s\u00fa tri proced\u00fary, vysk\u00fa\u0161aj si ich. Ak uvid\u00ed\u0161 pokrok, uvid\u00ed\u0161 v\u00fdsledok, poc\u00edti\u0161 zmeny &#8211; budeme pokra\u010dova\u0165\u201c. Ak nie &#8211; p\u00f4jde\u0161 h\u013eada\u0165 \u010falej, preto\u017ee ka\u017ed\u00fd m\u00e1 pr\u00e1vo na v\u00fdber. Nikoho nezav\u00e4zujem, a nikoho neobmedzujem. To je to najd\u00f4le\u017eitej\u0161ie v mojom pr\u00edstupe k lie\u010deniu.<\/p><p><span style=\"color: #ff0000;\">A nikdy sa nem\u00fdlite vo svojich progn\u00f3zach?<\/span><\/p><p>To sa mus\u00edte op\u00fdta\u0165 mojich pacientov, klientov, ktor\u00ed za mnou chodia, preto\u017ee sa o nich vo v\u00e4\u010d\u0161ine pr\u00edpadov dozved\u00e1m prostredn\u00edctvom tret\u00edch str\u00e1n. Ke\u010f \u010dlovek niekomu povie, \u017ee v\u0161etko sa mu stalo tak, ako som povedal, pote\u0161\u00ed ma to. V skuto\u010dnosti len ve\u013emi zriedka po\u010dujem niekoho hovori\u0165, \u017ee nedostal to, \u010do mu bolo predpovedan\u00e9. T\u00e1to ot\u00e1zka teda nie je pre m\u0148a, ale pre \u013eud\u00ed, ktor\u00ed ku mne prich\u00e1dzaj\u00fa &#8211; mysl\u00edm si, \u017ee ak sa ich op\u00fdtate, radi sa s vami podelia o \u00faprimn\u00e9 sk\u00fasenosti na t\u00fato t\u00e9mu.<\/p><p>\u00a0<\/p>\t\t\t\t\t\t<\/div>\n\t\t\t\t<\/div>\n\t\t\t\t\t<\/div>\n\t\t<\/div>\n\t\t\t\t\t<\/div>\n\t\t<\/section>\n\t\t\t\t<section class=\"elementor-section elementor-top-section elementor-element elementor-element-2965499 elementor-section-boxed elementor-section-height-default elementor-section-height-default\" data-id=\"2965499\" data-element_type=\"section\">\n\t\t\t\t\t\t<div class=\"elementor-container elementor-column-gap-default\">\n\t\t\t\t\t<div class=\"elementor-column elementor-col-100 elementor-top-column elementor-element elementor-element-2ee8505\" data-id=\"2ee8505\" data-element_type=\"column\">\n\t\t\t<div class=\"elementor-widget-wrap elementor-element-populated\">\n\t\t\t\t\t\t<div class=\"elementor-element elementor-element-b6f6516 elementor-widget elementor-widget-heading\" data-id=\"b6f6516\" data-element_type=\"widget\" data-widget_type=\"heading.default\">\n\t\t\t\t<div class=\"elementor-widget-container\">\n\t\t\t<h4 class=\"elementor-heading-title elementor-size-default\">O kurzoch a medit\u00e1ci\u00e1ch<\/h4>\t\t<\/div>\n\t\t\t\t<\/div>\n\t\t\t\t\t<\/div>\n\t\t<\/div>\n\t\t\t\t\t<\/div>\n\t\t<\/section>\n\t\t\t\t<section class=\"elementor-section elementor-top-section elementor-element elementor-element-1c3dfb0 elementor-section-boxed elementor-section-height-default elementor-section-height-default\" data-id=\"1c3dfb0\" data-element_type=\"section\">\n\t\t\t\t\t\t<div class=\"elementor-container elementor-column-gap-default\">\n\t\t\t\t\t<div class=\"elementor-column elementor-col-100 elementor-top-column elementor-element elementor-element-2e73bf0\" data-id=\"2e73bf0\" data-element_type=\"column\">\n\t\t\t<div class=\"elementor-widget-wrap elementor-element-populated\">\n\t\t\t\t\t\t<div class=\"elementor-element elementor-element-ee0997b elementor-widget elementor-widget-text-editor\" data-id=\"ee0997b\" data-element_type=\"widget\" data-widget_type=\"text-editor.default\">\n\t\t\t\t<div class=\"elementor-widget-container\">\n\t\t\t\t\t\t\t<p><span style=\"color: #ff0000;\">Ak\u00fd je rozdiel medzi pr\u00e1cou, ktor\u00fa rob\u00edte na kurzoch bioenergetiky, a medit\u00e1ciach od pr\u00e1ce, ktor\u00fa rob\u00edte po\u010das osobnej konzult\u00e1cie?\u00a0<\/span><\/p><p>Rozdiel je v tom, \u017ee proced\u00fary lie\u010dia bez oh\u013eadu na to, s \u010d\u00edm s\u00favisia &#8211; s obchodom alebo so zdrav\u00edm, ale na kurzoch nast\u00e1va rast, to znamen\u00e1, \u017ee \u010dlovek si roz\u0161iruje vedomosti o svojom \u017eivote. Osobn\u00e1 konzult\u00e1cia je postup, pri ktorom ja pracujem namiesto \u010dloveka, preto\u017ee existuj\u00fa ur\u010dit\u00e9 \u017eivotn\u00e9 probl\u00e9my, s ktor\u00fdmi sa \u010dlovek nem\u00f4\u017ee rozl\u00fa\u010di\u0165 zo d\u0148a na de\u0148. Preto mus\u00edm napravi\u0165 jeho stav a opravi\u0165 to, \u010do \u010dlovek ani nevie, \u017ee sa v \u0148om nach\u00e1dza. Tak takto postupujem na svojich proced\u00farach.<\/p><p>Podstatou na\u0161ich kurzov je uvedomenie si, \u017ee existuje aj nie\u010do in\u00e9 okrem toho \u010do pozn\u00e1me, vieme, \u017ee je to ve\u013emi bl\u00edzko a jednoducho potrebujeme iba \u010dloveka, ktor\u00fd n\u00e1m to uk\u00e1\u017ee &#8211; kam \u00eds\u0165, ako uvidie\u0165 svoju cestu, ako sa na seba pozrie\u0165 v zrkadle a obr\u00e1ti\u0165 pozornos\u0165 na to, \u017ee ka\u017ed\u00fd \u010dlovek je jedine\u010dn\u00fd. A t\u00fato jedine\u010dnos\u0165 sa sna\u017e\u00edme rozv\u00edja\u0165 v ka\u017edom \u010dloveku.<\/p><p><span style=\"color: #ff0000;\">Osoba, ktor\u00e1 vysk\u00fa\u0161ala v\u0161etky sp\u00f4soby rie\u0161enia svojho probl\u00e9mu, no ne\u00faspe\u0161ne, pr\u00edde za vami na medit\u00e1ciu a situ\u00e1cia sa zmen\u00ed. Pre\u010do to funguje? Pre\u010do manipul\u00e1cie, ktor\u00e9 rob\u00edme vo svojom podvedom\u00ed po\u010das medit\u00e1cie maj\u00fa vplyv na skuto\u010dn\u00fd \u017eivot?<\/span><\/p><p>Cel\u00fd n\u00e1\u0161 \u017eivot sa odohr\u00e1va na dvoch \u00farovniach. Prv\u00e1 \u00farove\u0148 je fyzick\u00e1, je to v\u0161etko, \u010do vid\u00edme, c\u00edtime, po\u010dujeme alebo ch\u00e1peme. Druh\u00e1 \u00farove\u0148 tzv. metafyzick\u00e1. To je \u00farove\u0148, na ktorej pracuje podvedomie. Po\u010das medit\u00e1cie sa odpoj\u00edme od prvej, fyzickej \u00farovne a automaticky prejdeme na \u00farove\u0148 podvedomia, kde sa formuj\u00fa v\u0161etky hlavn\u00e9 procesy, ktor\u00e9 potom smeruj\u00fa do na\u0161ej fyzickej roviny.<\/p><p>Preto ak na tejto \u00farovni zmen\u00edme nejak\u00fd tok energie, alebo nejak\u00fd pr\u00fad vedomia, skuto\u010dne t\u00fdm zmen\u00edme n\u00e1\u0161 ka\u017edodenn\u00fd \u017eivot a regulujeme ho, men\u00edme n\u00e1\u0161 postoj ku ka\u017edodenn\u00e9mu \u017eivotu.<\/p><p><span style=\"color: #ff0000;\">Ka\u017ed\u00fd prich\u00e1dza na medit\u00e1ciu s ur\u010ditou ot\u00e1zkou. Ako je mo\u017en\u00e9 zjednoti\u0165 a vyrie\u0161i\u0165 probl\u00e9my v\u0161etk\u00fdch pr\u00edtomn\u00fdch po\u010das jednej medit\u00e1cie?<\/span><\/p><p>Pred za\u010dat\u00edm medit\u00e1cie a pri rozhovoroch s pr\u00edtomn\u00fdmi si zostav\u00edm v\u0161eobecn\u00e9 pokyny pre bud\u00facu medit\u00e1ciu. V\u0161etky probl\u00e9my, s ktor\u00fdmi dnes \u013eudia prich\u00e1dzaj\u00fa, sa daj\u00fa rozdeli\u0165 do nieko\u013ek\u00fdch celkov: zdravie, \u00faspech, duchovn\u00fd rast a v\u00fdchodisko z niektor\u00fdch probl\u00e9mov\u00fdch situ\u00e1ci\u00ed.<\/p><p>Preto v z\u00e1sade nez\u00e1le\u017e\u00ed na tom, o ak\u00fd konkr\u00e9tny pr\u00edpad ide, preto\u017ee medita\u010dn\u00e1 cesta je spolo\u010dn\u00e1 pre v\u0161etk\u00fdch. Po\u010das diskusie sa sna\u017e\u00edm pochopi\u0165 smerovanie v\u00e4\u010d\u0161iny \u013eud\u00ed a presne v tom momente sa za\u010dne formova\u0165 medit\u00e1cia, ktor\u00e1 umo\u017en\u00ed v\u0161etk\u00fdm pr\u00edtomn\u00fdm vyrie\u0161i\u0165 svoje konkr\u00e9tne probl\u00e9my.<\/p><p><span style=\"color: #ff0000;\">Ako vysvetli\u0165 skuto\u010dnos\u0165, \u017ee po va\u0161ich medit\u00e1ci\u00e1ch d\u00f4jde k pozit\u00edvnym zmen\u00e1m, ktor\u00e9 nes\u00favisia s t\u00e9mou medit\u00e1cie?<\/span><\/p><p>Takmer pri v\u0161etk\u00fdch medit\u00e1ci\u00e1ch sa venujeme v\u0161eobecnej o\u010diste organizmu. To znamen\u00e1, \u017ee medit\u00e1cia nie je len rie\u0161en\u00edm nejak\u00e9ho konkr\u00e9tneho probl\u00e9mu, ktor\u00fd si \u010dlovek priniesol, ale aj rie\u0161en\u00edm v\u0161etk\u00e9ho, \u010do s t\u00fdmto probl\u00e9mom s\u00favis\u00ed. Po\u010das medit\u00e1cie bu\u010f za\u010d\u00edname alebo kon\u010d\u00edme v\u0161eobecnou energetickou o\u010distou, nap\u013a\u0148an\u00edm a potom vyhrad\u00edme priestor na vyrie\u0161enie konkr\u00e9tnych probl\u00e9mov. Preto sa spolu s t\u00fdmto probl\u00e9mom vyrie\u0161i aj ve\u013ea in\u00fdch oblast\u00ed v \u017eivote \u010dloveka.<\/p><p><span style=\"color: #ff0000;\">V \u010dom sa l\u00ed\u0161ia va\u0161e kurzy bioenergetiky od kurzov medit\u00e1cie?<\/span><\/p><p>Rozdiel medzi nimi spo\u010d\u00edva v tom, \u017ee na kurzoch bioenergetiky \u0161tudujeme z\u00e1klady n\u00e1\u0161ho sveta, z\u00e1klady pr\u00edstupu \u010dloveka k \u017eivotu. Z\u00edskavate n\u00e1stroje, ktor\u00e9 v\u00e1m umo\u017enia presta\u0165 robi\u0165 chyby, alebo ich minimalizova\u0165 vo va\u0161om \u017eivote, a za\u010dnete robi\u0165 spr\u00e1vne kroky v s\u00falade s t\u00fdm bioenergetick\u00fdm syst\u00e9mom, ktor\u00fd existuje u\u017e miliardy rokov. A pri medit\u00e1cii jednoducho rie\u0161ime svoje \u017eivotn\u00e9 probl\u00e9my.<\/p><p>\u00a0<\/p><p><span style=\"color: #ff0000;\">Vo svojom moskovskom s\u00eddle vediete medit\u00e1cie a online kurzy. Je rozdiel medzi kurzami \u201ena\u017eivo\u201c a kurzami prostredn\u00edctvom web kamery cez internet, ke\u010f v\u00e1s \u0161tudenti vidia na obrazovke po\u010d\u00edta\u010da?<\/span><\/p><p>V skuto\u010dnosti je rozdiel nepatrn\u00fd. Spo\u010d\u00edva iba v tom, \u017ee fyzicky nie som pr\u00edtomn\u00fd na mieste, kde sed\u00ed napr\u00edklad nejak\u00e1 skupina. Ale energetick\u00fd dopad je absol\u00fatne rovnak\u00fd, t\u00e9my s\u00fa rovnak\u00e9, a preto si mysl\u00edm, \u017ee rozdiel je minim\u00e1lny. A pod\u013ea v\u00fdsledkov, ktor\u00e9 dosahujem, vid\u00edm, \u017ee v tom nie je takmer \u017eiadny rozdiel.<\/p><p><span style=\"color: #ff0000;\">Potrebuje ma\u0165 \u010dlovek nejak\u00e9 schopnosti alebo n\u00e1vyky, aby mohol nav\u0161tevova\u0165 va\u0161e kurzy bioenergetiky, napr. aj v\u00e1\u0161 zn\u00e1my kurz \u201eUmenie ako riadi\u0165 energie&#8221;?<\/span><\/p><p>Na \u0161t\u00fadium nie s\u00fa potrebn\u00e9 \u017eiadne \u0161peci\u00e1lne schopnosti, preto\u017ee kurzy rozde\u013eujem do nieko\u013ek\u00fdch \u00farovn\u00ed. Prv\u00e1 \u00farove\u0148 pre za\u010diato\u010dn\u00edkov je pre t\u00fdch, ktor\u00ed sa nikdy nestretli so svetom nezn\u00e1meho. Druh\u00e1 \u00farove\u0148 je pre \u013eud\u00ed, ktor\u00ed u\u017e niekde nie\u010do \u0161tudovali alebo \u010d\u00edtali, vysk\u00fa\u0161ali si \u0161t\u00fadium, absolvovali nejak\u00e9 kurzy at\u010f. To znamen\u00e1, \u017ee ide o \u013eud\u00ed, ktor\u00ed nie s\u00fa v duchovnom svete nov\u00e1\u010dikmi. Tre\u0165ou \u00farov\u0148ou je lie\u010denie, kde u\u010d\u00edm ako naplno vyu\u017ei\u0165 bioenergiu, t.j. lie\u010denie s pomocou energie a pomoc \u013eu\u010fom.<\/p><p><span style=\"font-size: 16px;\">K\u00fdm prv\u00e9 dve \u00farovne kurzov s\u00fa ur\u010den\u00e9 iba na to, aby \u010dloveku umo\u017enili by\u0165 zdrav\u00fdm, \u0161\u0165astn\u00fdm a spokojn\u00fdm, tretia \u00farove\u0148 poskytuje n\u00e1stroje na rie\u0161enie probl\u00e9mov in\u00fdch \u013eud\u00ed.<\/span><\/p><p>V\u0161etky kurzy s\u00fa u\u0161it\u00e9 &#8220;na mieru&#8221;. To znamen\u00e1, \u017ee vyu\u010dujem s prihliadnut\u00edm na t\u00fdch \u013eud\u00ed, ktor\u00ed s\u00fa na kurzoch. Neexistuje \u017eiadny let\u00e1k, preto\u017ee v\u0161etky kurzy s\u00fa veden\u00e9 priamo, na\u017eivo, bez parafr\u00e1zovania.<\/p><p>Netlmo\u010d\u00edm inform\u00e1cie, ktor\u00e9 s\u00fa v\u0161ade, poskytujem iba priame vedomosti a priamy v\u00fdklad ur\u010dit\u00fdch udalost\u00ed v \u017eivote. Tieto veci len \u0165a\u017eko n\u00e1jdete v knih\u00e1ch.<\/p><p>\u00a0<\/p>\t\t\t\t\t\t<\/div>\n\t\t\t\t<\/div>\n\t\t\t\t\t<\/div>\n\t\t<\/div>\n\t\t\t\t\t<\/div>\n\t\t<\/section>\n\t\t\t\t<\/div>\n\t\t","protected":false},"excerpt":{"rendered":"<p>LIE\u010cENIE ENERGIOU V SKUTO\u010cNOM \u017dIVOTE. ROZHOVOR so SERGEjom RATneROM. Ak v na\u0161om \u017eivote vznikaj\u00fa probl\u00e9my, je \u0165a\u017ek\u00e9 by\u0165 spokojn\u00fdm a vyrovnan\u00fdm. Sme nerv\u00f3zni, upad\u00e1me do depresie, za\u0165a\u017eujeme sa negat\u00edvnymi my\u0161lienkami a em\u00f3ciami, a t\u00fdm vyv\u00e1dzame z rovnov\u00e1hy nielen seba, ale aj \u013eud\u00ed okolo n\u00e1s. Ak sa n\u00e1m nedar\u00ed vyrie\u0161i\u0165 probl\u00e9m vlastn\u00fdmi silami, h\u013ead\u00e1me radu inde [&hellip;]<\/p>\n","protected":false},"author":1,"featured_media":0,"parent":661,"menu_order":1,"comment_status":"closed","ping_status":"closed","template":"","meta":{"site-sidebar-layout":"no-sidebar","site-content-layout":"page-builder","ast-site-content-layout":"","site-content-style":"default","site-sidebar-style":"default","ast-global-header-display":"","ast-banner-title-visibility":"","ast-main-header-display":"","ast-hfb-above-header-display":"","ast-hfb-below-header-display":"","ast-hfb-mobile-header-display":"","site-post-title":"disabled","ast-breadcrumbs-content":"","ast-featured-img":"disabled","footer-sml-layout":"","theme-transparent-header-meta":"default","adv-header-id-meta":"","stick-header-meta":"","header-above-stick-meta":"","header-main-stick-meta":"","header-below-stick-meta":"","astra-migrate-meta-layouts":"default","ast-page-background-enabled":"default","ast-page-background-meta":{"desktop":{"background-color":"var(--ast-global-color-4)","background-image":"","background-repeat":"repeat","background-position":"center center","background-size":"auto","background-attachment":"scroll","background-type":"","background-media":"","overlay-type":"","overlay-color":"","overlay-gradient":""},"tablet":{"background-color":"","background-image":"","background-repeat":"repeat","background-position":"center center","background-size":"auto","background-attachment":"scroll","background-type":"","background-media":"","overlay-type":"","overlay-color":"","overlay-gradient":""},"mobile":{"background-color":"","background-image":"","background-repeat":"repeat","background-position":"center center","background-size":"auto","background-attachment":"scroll","background-type":"","background-media":"","overlay-type":"","overlay-color":"","overlay-gradient":""}},"ast-content-background-meta":{"desktop":{"background-color":"var(--ast-global-color-5)","background-image":"","background-repeat":"repeat","background-position":"center center","background-size":"auto","background-attachment":"scroll","background-type":"","background-media":"","overlay-type":"","overlay-color":"","overlay-gradient":""},"tablet":{"background-color":"var(--ast-global-color-5)","background-image":"","background-repeat":"repeat","background-position":"center center","background-size":"auto","background-attachment":"scroll","background-type":"","background-media":"","overlay-type":"","overlay-color":"","overlay-gradient":""},"mobile":{"background-color":"var(--ast-global-color-5)","background-image":"","background-repeat":"repeat","background-position":"center center","background-size":"auto","background-attachment":"scroll","background-type":"","background-media":"","overlay-type":"","overlay-color":"","overlay-gradient":""}},"footnotes":""},"class_list":["post-1795","page","type-page","status-publish","hentry"],"_links":{"self":[{"href":"https:\/\/www.secretpower.sk\/en\/wp-json\/wp\/v2\/pages\/1795","targetHints":{"allow":["GET"]}}],"collection":[{"href":"https:\/\/www.secretpower.sk\/en\/wp-json\/wp\/v2\/pages"}],"about":[{"href":"https:\/\/www.secretpower.sk\/en\/wp-json\/wp\/v2\/types\/page"}],"author":[{"embeddable":true,"href":"https:\/\/www.secretpower.sk\/en\/wp-json\/wp\/v2\/users\/1"}],"replies":[{"embeddable":true,"href":"https:\/\/www.secretpower.sk\/en\/wp-json\/wp\/v2\/comments?post=1795"}],"version-history":[{"count":31,"href":"https:\/\/www.secretpower.sk\/en\/wp-json\/wp\/v2\/pages\/1795\/revisions"}],"predecessor-version":[{"id":2304,"href":"https:\/\/www.secretpower.sk\/en\/wp-json\/wp\/v2\/pages\/1795\/revisions\/2304"}],"up":[{"embeddable":true,"href":"https:\/\/www.secretpower.sk\/en\/wp-json\/wp\/v2\/pages\/661"}],"wp:attachment":[{"href":"https:\/\/www.secretpower.sk\/en\/wp-json\/wp\/v2\/media?parent=1795"}],"curies":[{"name":"wp","href":"https:\/\/api.w.org\/{rel}","templated":true}]}}