{"id":1264,"date":"2020-04-04T15:15:55","date_gmt":"2020-04-04T15:15:55","guid":{"rendered":"https:\/\/www.secretpower.sk\/about-us\/curriculum-vitae-1\/"},"modified":"2020-09-28T21:36:05","modified_gmt":"2020-09-28T21:36:05","slug":"curriculum-vitae-1","status":"publish","type":"page","link":"https:\/\/www.secretpower.sk\/en\/about-us\/curriculum-vitae-1\/","title":{"rendered":"Curriculum Vitae 1"},"content":{"rendered":"\t\t<div data-elementor-type=\"wp-page\" data-elementor-id=\"1264\" class=\"elementor elementor-1264 elementor-770\" data-elementor-post-type=\"page\">\n\t\t\t\t\t\t<section class=\"elementor-section elementor-top-section elementor-element elementor-element-0c356b9 elementor-section-boxed elementor-section-height-default elementor-section-height-default\" data-id=\"0c356b9\" data-element_type=\"section\">\n\t\t\t\t\t\t<div class=\"elementor-container elementor-column-gap-default\">\n\t\t\t\t\t<div class=\"elementor-column elementor-col-33 elementor-top-column elementor-element elementor-element-a497904\" data-id=\"a497904\" data-element_type=\"column\">\n\t\t\t<div class=\"elementor-widget-wrap elementor-element-populated\">\n\t\t\t\t\t\t<div class=\"elementor-element elementor-element-417f0be elementor-widget elementor-widget-image\" data-id=\"417f0be\" data-element_type=\"widget\" data-widget_type=\"image.default\">\n\t\t\t\t<div class=\"elementor-widget-container\">\n\t\t\t\t\t\t\t\t\t\t\t\t\t<img fetchpriority=\"high\" decoding=\"async\" width=\"447\" height=\"461\" src=\"https:\/\/www.secretpower.sk\/wp-content\/uploads\/2020\/03\/ja-a-luky-2.jpeg\" class=\"attachment-large size-large wp-image-767\" alt=\"\" srcset=\"https:\/\/www.secretpower.sk\/wp-content\/uploads\/2020\/03\/ja-a-luky-2.jpeg 447w, https:\/\/www.secretpower.sk\/wp-content\/uploads\/2020\/03\/ja-a-luky-2-291x300.jpeg 291w\" sizes=\"(max-width: 447px) 100vw, 447px\" \/>\t\t\t\t\t\t\t\t\t\t\t\t\t<\/div>\n\t\t\t\t<\/div>\n\t\t\t\t\t<\/div>\n\t\t<\/div>\n\t\t\t\t<div class=\"elementor-column elementor-col-66 elementor-top-column elementor-element elementor-element-107e5b7\" data-id=\"107e5b7\" data-element_type=\"column\">\n\t\t\t<div class=\"elementor-widget-wrap elementor-element-populated\">\n\t\t\t\t\t\t<div class=\"elementor-element elementor-element-88dabca elementor-widget elementor-widget-text-editor\" data-id=\"88dabca\" data-element_type=\"widget\" data-widget_type=\"text-editor.default\">\n\t\t\t\t<div class=\"elementor-widget-container\">\n\t\t\t\t\t\t\t<p>Part of web development is also the topic Who am I? About Us? When we ask the question, it may appear that the topic is simple. If I look to the past forgotten images will present themselves, ideas that are integral part of todays society but it was not always so : freedom of the word, freedom to conduct a business and law enforcement.<\/p>\n<p>I was born 18.12.1961 in Ko\u0161ice in the former Czechoslovak Republic as the fifth child in the family of preacher of the Apostolic Church.<\/p>\n<p>I learned later at school that first human flew into the cosmos same year I was born \u2013 Yuri Gagarin. His name got stuck in my memory because he died very young, like Jesus \u2013 a known name for the people who are Christians. In August 1968 there was an invasion of the troops of the Warsaw Treaty. Disconnection of many people associated with the development of events. Attaching masks. The expression of dualities externally. Free Country \u2013 foreign troops, atheist education at school \u2013 religious faith in secret of home etc.<\/p>\n<p>Fear of the future, disbelief. People have adapted to the regime only slowly, and those who did not want to adapt were persecuted.<\/p>\n<p>A quick sequence of events of my life-studying as an electrician, compulsory military service. Entry into the marriage, the birth of my first son Stefan in 1982 and later in 1984 twins \u013dubica and \u013dubo\u0161. Majority of work with educating our children remained on my wife \u013dubica. My job was to secure my family financially. I still had some time for a recreational sport &#8211; long distance running. International Peace Marathon \u2013 it&#8217;s running at 42.195 meters i.e. 42 kilometers and 195 meters. In winter it was so called White Trail &#8211; it&#8217;s cross-skying of 50 km. These events have enriched me both internally and physically.<\/p>\n<p>The end of eighties has brought gradual release of the oppressive atmosphere in the society. The beginnings of private businesses. The groundbreaking was the year 1989 so-called The Tender Revolution&#8230; There have been enormous changes in society.<\/p>\n<p>I was actively involved in both political and civic domains at all levels (MP, President of the party, vice president of the Association of Entrepreneurs of Slovakia, etc.).<\/p>\n<p>My business and other activities linked to my membership in political, civil and professional associations have pushed my own personal and internal life aside. They changed my values. The Deficit of inner peace, stress, new changes in society have left traces in my life. This mismatch led to bad decisions that led to the gradual bankruptcy of my business and personal life.<\/p>\n<p>I went through a difficult period. I got up and fell, one failed test after another. It took up to the year 2005 when my inner voice said that I got to leave from Slovakia.<\/p>\n<p>I went to England completely alone, without the knowledge of the language, place and work that I will perform. After this decision everything began to evolve somehow special. I realized the changes that happen in my life only after some time. Of course these changes were positive. V 2006 sa pres\u0165ahovali do Anglicka aj moji synovia a man\u017eelka. The daughter was married and founded a family. She remained living in Slovakia. I continued on the path of spiritual development, studying a lot of different literature, practicing various techniques. The results of the internal work started to show \u2013 prayers, meditation, change in self-expression, and the gradual opening to the people close to me have begun to be manifested. Gradually, the qualities of honesty, openness, endurance, confidence, joy of creation and joy of life have been returning to my life.<\/p>\n<p>The last two years, i.e. since 2018, I have been working with the centre of Sergei Ratnera. I graduated from the Bioenergetics Academy, which I am still attending.<\/p>\n<p>Tieto zmeny ma doviedli a\u017e k tomuto projektu &#8211; \u201eZalo\u017eenie webstr\u00e1nky www.secretpower.sk\u201c.<\/p>\n<p>This name in translation means &#8220;The Secret of Strength&#8221;.<\/p>\n<p>Today I know that this secret is in any of us. That&#8217;s why I decided even though I have no experience in online business to bring the information and practice I use in my everyday life to you.<\/p>\n<p>I look forward to this period and I believe that this will open new opportunities in personal growth and spiritual development for you.<\/p>\n\t\t\t\t\t\t<\/div>\n\t\t\t\t<\/div>\n\t\t\t\t\t<\/div>\n\t\t<\/div>\n\t\t\t\t\t<\/div>\n\t\t<\/section>\n\t\t\t\t<\/div>\n\t\t","protected":false},"excerpt":{"rendered":"<p>Part of web development is also the topic Who am I? About Us? When we ask the question, it may appear that the topic is simple. If I look to the past forgotten images will present themselves, ideas that are integral part of todays society but it was not always so : freedom of the [&hellip;]<\/p>\n","protected":false},"author":1,"featured_media":0,"parent":1190,"menu_order":1,"comment_status":"closed","ping_status":"closed","template":"","meta":{"site-sidebar-layout":"no-sidebar","site-content-layout":"page-builder","ast-site-content-layout":"","site-content-style":"default","site-sidebar-style":"default","ast-global-header-display":"","ast-banner-title-visibility":"","ast-main-header-display":"","ast-hfb-above-header-display":"","ast-hfb-below-header-display":"","ast-hfb-mobile-header-display":"","site-post-title":"disabled","ast-breadcrumbs-content":"","ast-featured-img":"disabled","footer-sml-layout":"","theme-transparent-header-meta":"default","adv-header-id-meta":"","stick-header-meta":"","header-above-stick-meta":"","header-main-stick-meta":"","header-below-stick-meta":"","astra-migrate-meta-layouts":"default","ast-page-background-enabled":"default","ast-page-background-meta":{"desktop":{"background-color":"var(--ast-global-color-4)","background-image":"","background-repeat":"repeat","background-position":"center center","background-size":"auto","background-attachment":"scroll","background-type":"","background-media":"","overlay-type":"","overlay-color":"","overlay-gradient":""},"tablet":{"background-color":"","background-image":"","background-repeat":"repeat","background-position":"center center","background-size":"auto","background-attachment":"scroll","background-type":"","background-media":"","overlay-type":"","overlay-color":"","overlay-gradient":""},"mobile":{"background-color":"","background-image":"","background-repeat":"repeat","background-position":"center center","background-size":"auto","background-attachment":"scroll","background-type":"","background-media":"","overlay-type":"","overlay-color":"","overlay-gradient":""}},"ast-content-background-meta":{"desktop":{"background-color":"var(--ast-global-color-5)","background-image":"","background-repeat":"repeat","background-position":"center center","background-size":"auto","background-attachment":"scroll","background-type":"","background-media":"","overlay-type":"","overlay-color":"","overlay-gradient":""},"tablet":{"background-color":"var(--ast-global-color-5)","background-image":"","background-repeat":"repeat","background-position":"center center","background-size":"auto","background-attachment":"scroll","background-type":"","background-media":"","overlay-type":"","overlay-color":"","overlay-gradient":""},"mobile":{"background-color":"var(--ast-global-color-5)","background-image":"","background-repeat":"repeat","background-position":"center center","background-size":"auto","background-attachment":"scroll","background-type":"","background-media":"","overlay-type":"","overlay-color":"","overlay-gradient":""}},"footnotes":""},"class_list":["post-1264","page","type-page","status-publish","hentry"],"_links":{"self":[{"href":"https:\/\/www.secretpower.sk\/en\/wp-json\/wp\/v2\/pages\/1264","targetHints":{"allow":["GET"]}}],"collection":[{"href":"https:\/\/www.secretpower.sk\/en\/wp-json\/wp\/v2\/pages"}],"about":[{"href":"https:\/\/www.secretpower.sk\/en\/wp-json\/wp\/v2\/types\/page"}],"author":[{"embeddable":true,"href":"https:\/\/www.secretpower.sk\/en\/wp-json\/wp\/v2\/users\/1"}],"replies":[{"embeddable":true,"href":"https:\/\/www.secretpower.sk\/en\/wp-json\/wp\/v2\/comments?post=1264"}],"version-history":[{"count":23,"href":"https:\/\/www.secretpower.sk\/en\/wp-json\/wp\/v2\/pages\/1264\/revisions"}],"predecessor-version":[{"id":1685,"href":"https:\/\/www.secretpower.sk\/en\/wp-json\/wp\/v2\/pages\/1264\/revisions\/1685"}],"up":[{"embeddable":true,"href":"https:\/\/www.secretpower.sk\/en\/wp-json\/wp\/v2\/pages\/1190"}],"wp:attachment":[{"href":"https:\/\/www.secretpower.sk\/en\/wp-json\/wp\/v2\/media?parent=1264"}],"curies":[{"name":"wp","href":"https:\/\/api.w.org\/{rel}","templated":true}]}}